{"id":752,"date":"2016-07-13T18:26:39","date_gmt":"2016-07-13T16:26:39","guid":{"rendered":"http:\/\/mtbglucholazy.pl\/?page_id=752"},"modified":"2025-07-08T13:00:19","modified_gmt":"2025-07-08T11:00:19","slug":"rejestracja-2016r","status":"publish","type":"page","link":"https:\/\/mtbglucholazy.pl\/?page_id=752","title":{"rendered":"Zapisy na PUCHAR POLSKI &#8211; CykloOpawy XC &#8211; MTB UCI C2 &#8211; 2025"},"content":{"rendered":"<div style='float:left;margin-right:7px;' class='like-fb'><\/div>\n<div class=\"wp-block-buttons is-horizontal is-content-justification-center is-layout-flex wp-container-core-buttons-is-layout-03627597 wp-block-buttons-is-layout-flex\">\n<div class=\"wp-block-button\"><a class=\"wp-block-button__link has-vivid-red-background-color has-background wp-element-button\" href=\"https:\/\/www.wynikizawodow.eu\/zawody\/245\">Rejestracja na Puchar Polski CykloOpawy XC-MTB UCI C2 2025<br>(Kliknij, aby przej\u015b\u0107 do zapis\u00f3w)<\/a><\/div>\n<\/div>\n\n\n\n<p><strong>Zg\u0142oszenia \/ <\/strong><strong>Registration<\/strong><\/p>\n\n\n\n<p>Zapisy do wy\u015bcigu dost\u0119pne na stronie internetowej <a href=\"https:\/\/www.wynikizawodow.eu\/zawody\/245\">https:\/\/www.wynikizawodow.eu\/zawody\/245<\/a><\/p>\n\n\n\n<p>Zg\u0142oszenia i op\u0142aty b\u0119d\u0105 przyjmowane on-line do 27.08.2025 do godz. 23:59. Dodatkowe zg\u0142oszenia w Biurze Zawod\u00f3w nie b\u0119d\u0105 przyjmowane. Op\u0142aty w biurze zawod\u00f3w nie b\u0119d\u0105 przyjmowane.<\/p>\n\n\n\n<p>Registration and on-line payment gate to the events on <a href=\"https:\/\/www.wynikizawodow.eu\/zawody\/169\">https:\/\/www.wynikizawodow.eu\/zawody\/245<\/a><\/p>\n\n\n\n<p>will be closed on 27.08.2025 at 23:59 p.m. Late registration at the race office will not be available . Payment will not be available at the race office .<\/p>\n","protected":false},"excerpt":{"rendered":"<p>Zg\u0142oszenia \/ Registration Zapisy do wy\u015bcigu dost\u0119pne na stronie internetowej https:\/\/www.wynikizawodow.eu\/zawody\/245 Zg\u0142oszenia i op\u0142aty b\u0119d\u0105 przyjmowane on-line do 27.08.2025 do [&hellip;]<\/p>\n","protected":false},"author":1,"featured_media":0,"parent":0,"menu_order":0,"comment_status":"closed","ping_status":"closed","template":"","meta":{"site-sidebar-layout":"default","site-content-layout":"","ast-site-content-layout":"default","site-content-style":"default","site-sidebar-style":"default","ast-global-header-display":"","ast-banner-title-visibility":"","ast-main-header-display":"","ast-hfb-above-header-display":"","ast-hfb-below-header-display":"","ast-hfb-mobile-header-display":"","site-post-title":"","ast-breadcrumbs-content":"","ast-featured-img":"","footer-sml-layout":"","theme-transparent-header-meta":"","adv-header-id-meta":"","stick-header-meta":"","header-above-stick-meta":"","header-main-stick-meta":"","header-below-stick-meta":"","astra-migrate-meta-layouts":"default","ast-page-background-enabled":"default","ast-page-background-meta":{"desktop":{"background-color":"var(--ast-global-color-5)","background-image":"","background-repeat":"repeat","background-position":"center center","background-size":"auto","background-attachment":"scroll","background-type":"","background-media":"","overlay-type":"","overlay-color":"","overlay-opacity":"","overlay-gradient":""},"tablet":{"background-color":"","background-image":"","background-repeat":"repeat","background-position":"center center","background-size":"auto","background-attachment":"scroll","background-type":"","background-media":"","overlay-type":"","overlay-color":"","overlay-opacity":"","overlay-gradient":""},"mobile":{"background-color":"","background-image":"","background-repeat":"repeat","background-position":"center center","background-size":"auto","background-attachment":"scroll","background-type":"","background-media":"","overlay-type":"","overlay-color":"","overlay-opacity":"","overlay-gradient":""}},"ast-content-background-meta":{"desktop":{"background-color":"var(--ast-global-color-4)","background-image":"","background-repeat":"repeat","background-position":"center center","background-size":"auto","background-attachment":"scroll","background-type":"","background-media":"","overlay-type":"","overlay-color":"","overlay-opacity":"","overlay-gradient":""},"tablet":{"background-color":"var(--ast-global-color-4)","background-image":"","background-repeat":"repeat","background-position":"center center","background-size":"auto","background-attachment":"scroll","background-type":"","background-media":"","overlay-type":"","overlay-color":"","overlay-opacity":"","overlay-gradient":""},"mobile":{"background-color":"var(--ast-global-color-4)","background-image":"","background-repeat":"repeat","background-position":"center center","background-size":"auto","background-attachment":"scroll","background-type":"","background-media":"","overlay-type":"","overlay-color":"","overlay-opacity":"","overlay-gradient":""}},"footnotes":""},"class_list":["post-752","page","type-page","status-publish","hentry"],"jetpack_shortlink":"https:\/\/wp.me\/P4WQ0D-c8","jetpack_sharing_enabled":true,"_links":{"self":[{"href":"https:\/\/mtbglucholazy.pl\/index.php?rest_route=\/wp\/v2\/pages\/752","targetHints":{"allow":["GET"]}}],"collection":[{"href":"https:\/\/mtbglucholazy.pl\/index.php?rest_route=\/wp\/v2\/pages"}],"about":[{"href":"https:\/\/mtbglucholazy.pl\/index.php?rest_route=\/wp\/v2\/types\/page"}],"author":[{"embeddable":true,"href":"https:\/\/mtbglucholazy.pl\/index.php?rest_route=\/wp\/v2\/users\/1"}],"replies":[{"embeddable":true,"href":"https:\/\/mtbglucholazy.pl\/index.php?rest_route=%2Fwp%2Fv2%2Fcomments&post=752"}],"version-history":[{"count":41,"href":"https:\/\/mtbglucholazy.pl\/index.php?rest_route=\/wp\/v2\/pages\/752\/revisions"}],"predecessor-version":[{"id":2327,"href":"https:\/\/mtbglucholazy.pl\/index.php?rest_route=\/wp\/v2\/pages\/752\/revisions\/2327"}],"wp:attachment":[{"href":"https:\/\/mtbglucholazy.pl\/index.php?rest_route=%2Fwp%2Fv2%2Fmedia&parent=752"}],"curies":[{"name":"wp","href":"https:\/\/api.w.org\/{rel}","templated":true}]}}