{"id":698,"date":"2016-04-13T20:57:10","date_gmt":"2016-04-13T18:57:10","guid":{"rendered":"http:\/\/mtbglucholazy.pl\/?page_id=698"},"modified":"2018-05-29T20:28:21","modified_gmt":"2018-05-29T18:28:21","slug":"bez-ciebie-nie-jedziemy","status":"publish","type":"page","link":"https:\/\/mtbglucholazy.pl\/?page_id=698","title":{"rendered":"BEZ CIEBIE NIE JEDZIEMY!"},"content":{"rendered":"<div style='float:left;margin-right:7px;' class='like-fb'><\/div><p>Jeste\u015b gotowy na prze\u017cycie przygody, kochasz sport i niepowtarzaln\u0105 atmosfer\u0119, kt\u00f3ra towarzyszy du\u017cym imprezom sportowym, chcesz pozna\u0107 nowych ludzi, dla kt\u00f3rych bezinteresowna pomoc innym ma r\u00f3wnie\u017c znaczenie, zapraszamy do wsp\u00f3\u0142pracy.<br \/>\nDo\u0142\u0105cz do grona organizator\u00f3w ciekawego wydarzenia sportowego CykloOpawy &#8211; Puchar Polski XCO &amp; Gold Hill MTB Maraton G\u0142ucho\u0142azy.<br \/>\nW roku 2018 Cyklopowy to dwudniowe \u015bwi\u0119to kolarzy g\u00f3rskich w G\u0142ucho\u0142azach.<br \/>\n01\u00a0wrze\u015bnia ( sobota) Pucharu Polski MTB XCO,<br \/>\n02 wrze\u015bnia\u00a0( niedziela ) Lellek Group &#8211; Gold Hill MTB Maraton G\u0142ucho\u0142azy.<br \/>\nWyzwanie ogromne ale my takie lubimy.<\/p>\n<p>Jak zapewne ju\u017c wiecie, \u017caden wi\u0119kszy czy mniejszy event sportowy w\u0142a\u015bciwie nie mo\u017ce obej\u015b\u0107 si\u0119 bez zaanga\u017cowania wolontariuszy, czyli <strong>Was.<\/strong> Zatem je\u015bli pocz\u0105tkiem wrze\u015bnia masz troch\u0119 wolnego czasu, chcesz pozna\u0107 nowych, ciekawych ludzi, zdoby\u0107 nowe do\u015bwiadczenia, poczu\u0107 odpowiedzialno\u015b\u0107 za swoj\u0105 cz\u0105stk\u0119 CykloOpaw, to nie pozostaje nic innego jak tylko wype\u0142ni\u0107 formularz \ud83d\ude42<\/p>\n<p>To w\u0142a\u015bnie Ty mo\u017cesz przyczyni\u0107 si\u0119 do stworzenia niepowtarzalnej atmosfery w trakcie zawod\u00f3w.<br \/>\nPotrzebujemy wolontariuszy, kt\u00f3rzy pomog\u0105 nam zapewni\u0107 sprawny przebieg imprezy. Na ka\u017cdym etapie organizacji zawod\u00f3w. Twoje wsparcie jest nam niezb\u0119dne! Do\u0142\u0105cz do nas i pom\u00f3\u017c kolarzom spe\u0142nia\u0107 marzenia!<\/p>\n<p><strong>Grupy zadaniowe:<\/strong><\/p>\n<p><strong>Wiek: minimum 16 lat<\/strong><\/p>\n<p><strong>BIURO ZAWOD\u00d3W<\/strong> &#8211; Strategiczne i najwa\u017cniejsze miejsce naszych wy\u015bcig\u00f3w. Zadania w biurze zawod\u00f3w b\u0119d\u0105 podobne jak na ka\u017cdym innym maratonie, wy\u015bcigu. Ka\u017cdy z wolontariuszy zostanie przydzielony do odpowiedniego stanowiska . Waszym zadaniem b\u0119dzie profesjonalne i odpowiedzialne podej\u015bcie do zawodnika, pomoc w rejestracji oraz wydanie przys\u0142uguj\u0105cego mu pakietu startowego. Zadanie do\u015b\u0107 proste, aczkolwiek nie a\u017c tak, jak mog\u0142oby si\u0119 wydawa\u0107.<\/p>\n<p><strong>START\/META<\/strong> &#8211; Lubisz wyzwania, szybk\u0105 akcj\u0119 wymagaj\u0105c\u0105 sprawnej koordynacji i refleksu? W tej grupie z pewno\u015bci\u0105 si\u0119 odnajdziesz. Wolontariusze strefy startu i mety odpowiadaj\u0105 za organizacj\u0119 i koordynacj\u0119 dzia\u0142a\u0144 zwi\u0105zanych z rozpocz\u0119ciem wy\u015bcigu oraz jego zako\u0144czenia \u2013 czyli mi\u0119dzy innymi bezpiecze\u0144stwem widz\u00f3w i zawodnik\u00f3w, kierowanie ruchu zawodnik\u00f3w do odpowiednich stref oraz\u00a0wr\u0119czanie medali i dekoracje. Niew\u0105tpliwie jest to wyzwanie, szczeg\u00f3lnie gdy w jednym momencie na met\u0119 wje\u017cd\u017ca kilkunastu zawodnik\u00f3w.<\/p>\n<p><strong>PUNKTY OD\u017bYWIANIA<\/strong> &#8211; Wyobra\u017a sobie, \u017ce jedziesz lub przypomnij sobie takie wydarzenie z w\u0142asnego \u017cycia. Co czujesz po d\u0142u\u017cszym wy\u015bcigu\/biegu lub ju\u017c w jego trakcie? Zm\u0119czenie? Tak, na pewno. Co\u015b jeszcze? Pragnienie! Nie jest to mi\u0142e uczucie, a na pewno nie jest zdrowe. Ka\u017cdy musi pi\u0107, a kolarz podczas wy\u015bcigu wr\u0119cz powinien dla w\u0142asnego bezpiecze\u0144stwa. I w\u0142a\u015bnie wolontariusze z punkt\u00f3w od\u017cywiania b\u0119d\u0105 odpowiedzialni za sprawne gaszenie tego pragnienia i dbanie o zdrowie wszystkich uczestnik\u00f3w.<\/p>\n<p><strong>SEKCJA TECHNICZNA<\/strong> &#8211; Grupa wsparcia specjalnego, reaguj\u0105ca na nag\u0142e i nieprzewidziane wydarzenia. Czasem trzeba co\u015b przenie\u015b\u0107, czasem zbudowa\u0107 spor\u0105 konstrukcj\u0119. Wyzwanie nie tylko dla silnych os\u00f3b, dobrze zorganizowanych i nie obawiaj\u0105cych si\u0119 ci\u0119\u017ckiej pracy. Sekcja techniczna to tzw. szare eminencje event\u00f3w, cz\u0119sto niewidoczne, ale bez nich nic nie mog\u0142oby powsta\u0107 ani si\u0119 wydarzy\u0107. Waszym zadaniem b\u0119dzie budowa miasteczka zawod\u00f3w, oznakowanie trasy i jej zabezpieczenie w dniu zawod\u00f3w. Gdy inni jeszcze nie pracuja oni maja ju\u017c pe\u0142ne r\u0119ce roboty.<\/p>\n<p><strong>DZIA\u0141 FOTO-PRESS<\/strong> &#8211; interesujesz si\u0119 fotografi\u0105 , grafik\u0105 komputerow\u0105. Masz zaci\u0119cie dziennikarskie zapraszamy. Na stronie po\u015bwi\u0119conej zawodom http:\/\/mtbglucholazy.pl\/maraton\/ oraz<br \/>\nhttp:\/\/mtbglucholazy.pl\/ Twoje prace dotr\u0105 do wielu ludzi interesuj\u0105cych si\u0119 sportem.<\/p>\n<p>Zarejestruj si\u0119. \u00a0Wybierz, w kt\u00f3rej grupie b\u0119dziesz si\u0119 czu\u0142 najlepiej, a mo\u017ce chcesz zosta\u0107 liderem takiej grupy. Oczekuj na maila z informacjami.<br \/>\nKa\u017cdemu wolontariuszowi oczywi\u015bcie zapewniamy m.in. ubezpieczenie ,wy\u017cywienie, certyfikat udzia\u0142u i na \u017cyczenie umow\u0119 wolontariatu.<\/p>\n<p>Osoby niepe\u0142noletnie musz\u0105 posiada\u0107 podpisan\u0105 przez rodzica lub opiekuna prawnego zgod\u0119 na udzia\u0142 w wolontariacie. (zgoda_rodzic\u00f3w)<br \/>\nKontakt: wolontariat@mtbglucholazy.pl<\/p>\n","protected":false},"excerpt":{"rendered":"<p>Jeste\u015b gotowy na prze\u017cycie przygody, kochasz sport i niepowtarzaln\u0105 atmosfer\u0119, kt\u00f3ra towarzyszy du\u017cym imprezom sportowym, chcesz pozna\u0107 nowych ludzi, dla [&hellip;]<\/p>\n","protected":false},"author":1,"featured_media":0,"parent":0,"menu_order":0,"comment_status":"closed","ping_status":"closed","template":"","meta":{"site-sidebar-layout":"default","site-content-layout":"","ast-site-content-layout":"default","site-content-style":"default","site-sidebar-style":"default","ast-global-header-display":"","ast-banner-title-visibility":"","ast-main-header-display":"","ast-hfb-above-header-display":"","ast-hfb-below-header-display":"","ast-hfb-mobile-header-display":"","site-post-title":"","ast-breadcrumbs-content":"","ast-featured-img":"","footer-sml-layout":"","theme-transparent-header-meta":"","adv-header-id-meta":"","stick-header-meta":"","header-above-stick-meta":"","header-main-stick-meta":"","header-below-stick-meta":"","astra-migrate-meta-layouts":"default","ast-page-background-enabled":"default","ast-page-background-meta":{"desktop":{"background-color":"var(--ast-global-color-5)","background-image":"","background-repeat":"repeat","background-position":"center center","background-size":"auto","background-attachment":"scroll","background-type":"","background-media":"","overlay-type":"","overlay-color":"","overlay-opacity":"","overlay-gradient":""},"tablet":{"background-color":"","background-image":"","background-repeat":"repeat","background-position":"center center","background-size":"auto","background-attachment":"scroll","background-type":"","background-media":"","overlay-type":"","overlay-color":"","overlay-opacity":"","overlay-gradient":""},"mobile":{"background-color":"","background-image":"","background-repeat":"repeat","background-position":"center center","background-size":"auto","background-attachment":"scroll","background-type":"","background-media":"","overlay-type":"","overlay-color":"","overlay-opacity":"","overlay-gradient":""}},"ast-content-background-meta":{"desktop":{"background-color":"var(--ast-global-color-4)","background-image":"","background-repeat":"repeat","background-position":"center center","background-size":"auto","background-attachment":"scroll","background-type":"","background-media":"","overlay-type":"","overlay-color":"","overlay-opacity":"","overlay-gradient":""},"tablet":{"background-color":"var(--ast-global-color-4)","background-image":"","background-repeat":"repeat","background-position":"center center","background-size":"auto","background-attachment":"scroll","background-type":"","background-media":"","overlay-type":"","overlay-color":"","overlay-opacity":"","overlay-gradient":""},"mobile":{"background-color":"var(--ast-global-color-4)","background-image":"","background-repeat":"repeat","background-position":"center center","background-size":"auto","background-attachment":"scroll","background-type":"","background-media":"","overlay-type":"","overlay-color":"","overlay-opacity":"","overlay-gradient":""}},"footnotes":""},"class_list":["post-698","page","type-page","status-publish","hentry"],"jetpack_shortlink":"https:\/\/wp.me\/P4WQ0D-bg","jetpack_sharing_enabled":true,"_links":{"self":[{"href":"https:\/\/mtbglucholazy.pl\/index.php?rest_route=\/wp\/v2\/pages\/698","targetHints":{"allow":["GET"]}}],"collection":[{"href":"https:\/\/mtbglucholazy.pl\/index.php?rest_route=\/wp\/v2\/pages"}],"about":[{"href":"https:\/\/mtbglucholazy.pl\/index.php?rest_route=\/wp\/v2\/types\/page"}],"author":[{"embeddable":true,"href":"https:\/\/mtbglucholazy.pl\/index.php?rest_route=\/wp\/v2\/users\/1"}],"replies":[{"embeddable":true,"href":"https:\/\/mtbglucholazy.pl\/index.php?rest_route=%2Fwp%2Fv2%2Fcomments&post=698"}],"version-history":[{"count":5,"href":"https:\/\/mtbglucholazy.pl\/index.php?rest_route=\/wp\/v2\/pages\/698\/revisions"}],"predecessor-version":[{"id":1142,"href":"https:\/\/mtbglucholazy.pl\/index.php?rest_route=\/wp\/v2\/pages\/698\/revisions\/1142"}],"wp:attachment":[{"href":"https:\/\/mtbglucholazy.pl\/index.php?rest_route=%2Fwp%2Fv2%2Fmedia&parent=698"}],"curies":[{"name":"wp","href":"https:\/\/api.w.org\/{rel}","templated":true}]}}