{"id":533,"date":"2015-07-27T15:05:48","date_gmt":"2015-07-27T13:05:48","guid":{"rendered":"http:\/\/mtbglucholazy.pl\/?page_id=533"},"modified":"2018-06-03T14:20:23","modified_gmt":"2018-06-03T12:20:23","slug":"polityka-prywatnosci","status":"publish","type":"page","link":"https:\/\/mtbglucholazy.pl\/?page_id=533","title":{"rendered":"Polityka prywatno\u015bci"},"content":{"rendered":"<div style='float:left;margin-right:7px;' class='like-fb'><\/div><p>Uprzejmie informujemy, \u017ce PTTK oddzia\u0142 G\u0142ucho\u0142azy \u2013 Klub Turystyki Kolarskiej Ktukol, ul. Powsta\u0144c\u00f3w \u015al. 50\/23, 48-340 G\u0142ucho\u0142azy przetwarza nast\u0119puj\u0105cy zakres Pa\u0144stwa danych osobowych:<br \/>\n&#8211; imi\u0119 i nazwisko,<br \/>\n&#8211; miejscowo\u015b\u0107 zamieszkania,<br \/>\n&#8211; data urodzenia,<br \/>\n&#8211; nazwa klubu,<br \/>\n&#8211; nr licencji sportowej,<br \/>\n&#8211; adres meilowy,<br \/>\n&#8211; nr telefonu.<\/p>\n<p>Dane te by\u0142y i s\u0105 pozyskiwane na podstawie kart zg\u0142oszenia lub rejestracji ONLINE w celu prowadzenia statutowej dzia\u0142alno\u015bci Klubu. <\/p>\n<p>W \u015bwietle powy\u017cszego Pragniemy Pa\u0144stwa poinformowa\u0107, \u017ce:<br \/>\n1. Administratorem Pani\/Pana danych osobowych (dalej: Administrator) jest: PTTK oddzia\u0142 G\u0142ucho\u0142azy \u2013 KTK Ktukol, ul. Powsta\u0144c\u00f3w \u015al. 50\/23,  48-340 G\u0142ucho\u0142azy.<br \/>\nREGON: 531290544 NIP: 755-15-84-638<br \/>\nZ Administratorem mo\u017cna si\u0119 kontaktowa\u0107 pisemnie, za pomoc\u0105 poczty tradycyjnej na adres: ul. Powsta\u0144c\u00f3w \u015al. 50\/23,  48-340 G\u0142ucho\u0142azy lub email: elekkontakt@interia.pl<\/p>\n<p>2. Administrator wyznaczy\u0142 Inspektora Ochrony Danych, z kt\u00f3rym mo\u017cna si\u0119 kontaktowa\u0107 pisemnie, za pomoc\u0105 poczty tradycyjnej na adres: adres: ul. Powsta\u0144c\u00f3w \u015al. 50\/23,  48-340 G\u0142ucho\u0142azy lub email: elekkontakt@interia.pl<\/p>\n<p>3. Pani\/Pana dane osobowe s\u0105 przetwarzane na podstawie art. 6 ust. 1 lit. f RODO, tj. w oparciu o niezb\u0119dno\u015b\u0107 przetwarzania do cel\u00f3w wynikaj\u0105cych z prawnie uzasadnionych interes\u00f3w realizowanych przez Administratora lub przez stron\u0119 trzeci\u0105 (urz\u0119dy publiczne zlecaj\u0105ce zadania). Pani\/Pana dane osobowe s\u0105 przetwarzane r\u0119cznie oraz automatycznie. <\/p>\n<p>4. Prawnie uzasadnione interesy realizowane przez PTTK oddzia\u0142 G\u0142ucho\u0142azy \u2013 KTK Ktukol polegaj\u0105 na przetwarzaniu danych celem profesjonalnej organizacji zawod\u00f3w. Przetwarzanie danych jest niezb\u0119dne do prawid\u0142owej realizacji projekt\u00f3w sportowych (prawid\u0142owe i rzetelne podanie wynik\u00f3w sportowych z zawod\u00f3w).<\/p>\n<p>5. PTTK oddzia\u0142 G\u0142ucho\u0142azy \u2013 KTK Ktukol udost\u0119pnia dane urz\u0119dom publicznym w celu rozliczania otrzymanych dotacji na dzia\u0142ania statutowe. Zgodnie z nadrz\u0119dnymi przepisami prawa dane s\u0105 przechowywane przez okres 5 lat. <\/p>\n<p>6. Administrator przetwarza Pani\/Pana dane osobowe w zakresie, w jakim s\u0105 one udost\u0119pniane publicznie na naszych stronach internetowych (wyniki zawod\u00f3w).<\/p>\n<p>7. W zwi\u0105zku z przetwarzaniem Pani\/Pana danych osobowych przys\u0142uguje Pani\/Panu prawo do:<br \/>\n&#8211; \u017c\u0105dania od Administratora dost\u0119pu do Pani\/Pana danych osobowych,<br \/>\n&#8211; \u017c\u0105dania od Administratora sprostowania Pani\/Pana danych osobowych,<br \/>\n&#8211; \u017c\u0105dania od Administratora usuni\u0119cia Pani\/Pana danych osobowych,<br \/>\n&#8211; \u017c\u0105dania od Administratora ograniczenia przetwarzania Pani\/Pana danych osobowych,<br \/>\n&#8211; wniesienia sprzeciwu wobec przetwarzania Pani\/pana danych osobowych,<br \/>\n&#8211; przenoszenia Pani\/Pana danych osobowych,<br \/>\n&#8211; wniesienia skargi do organu nadzorczego. <\/p>\n<p>Z powy\u017cszych praw mo\u017cna skorzysta\u0107 poprzez: &#8211; kontakt e-mailowy pod adresem: elekkontakt@interia.pl<\/p>\n<hr>\n<p><strong>Ciasteczka<\/strong><br \/>\nDzi\u0119ki nim wiemy jak wielu u\u017cytkownik\u00f3w zagl\u0105da na nasza stron\u0119 i jakie tre\u015bci ciesz\u0105 si\u0119 najwi\u0119kszym zainteresowaniem.<br \/>\nPliki cookie pozwalaj\u0105 tak\u017ce usprawni\u0107 poruszanie si\u0119 po stronie. W niekt\u00f3rych przypadkach wy\u0142\u0105czenie obs\u0142ugi plik\u00f3w cookie mo\u017ce uniemo\u017cliwi\u0107 normalne korzystanie z serwisu.<\/p>\n<p><strong>Jak wy\u0142\u0105czy\u0107 pliki cookie?<\/strong><br \/>\nJe\u017celi uwa\u017casz, \u017ce obecno\u015b\u0107 plik\u00f3w cookies narusza Twoj\u0105 prywatno\u015b\u0107, mo\u017cesz w ka\u017cdej chwili je wy\u0142\u0105czy\u0107 w ustawieniach Twojej przegl\u0105darki.<\/p>\n<p><strong>W przegl\u0105darce Mozilla Firefox<\/strong><br \/>\nW menu \u201eNarz\u0119dzia\u201d wybierz \u201eOpcje\u201d i w nich zak\u0142adk\u0119 \u201ePrywatno\u015b\u0107\u201d.<br \/>\nPrzegl\u0105darka daje Ci mo\u017cliwo\u015b\u0107 zaznaczenia, \u017ce nie chcesz by\u0107 \u015bledzony w og\u00f3le albo usuni\u0119cia pojedynczych ciasteczek poszczeg\u00f3lnych witryn.<\/p>\n<p><strong>W przegl\u0105darce Microsoft Internet Explorer.<\/strong><br \/>\nW menu \u201eNarz\u0119dzia\u201d wybierz \u201eOpcje internetowe\u201d i w nich zak\u0142adk\u0119 \u201ePrywatno\u015b\u0107\u201d.<br \/>\nSpecjalnym suwakiem mo\u017cesz regulowa\u0107 og\u00f3lny poziom prywatno\u015bci albo przyciskiem \u201eWitryny\u201d zarz\u0105dza\u0107 ustawieniami poszczeg\u00f3lnych serwis\u00f3w internetowych.<\/p>\n<p><strong>W przegl\u0105darce Google Chrome<\/strong><br \/>\nW menu ukrytym pod trzema poziomymi kreseczkami w prawym g\u00f3rnym rogu przegl\u0105darki wybierz \u201eNarz\u0119dzia\u201d a potem \u201eWyczy\u015b\u0107 dane przegl\u0105dania\u2026\u201d. Opr\u00f3cz mo\u017cliwo\u015bci czyszczenia plik\u00f3w cookie, znajduje si\u0119 tam link \u201eWi\u0119cej informacji\u201d, kt\u00f3ry prowadzi do szczeg\u00f3\u0142owego opisu funkcji prywatno\u015bci przegl\u0105darki.<\/p>\n<p><strong>W przegl\u0105darce Opera.<\/strong><br \/>\nPrzyciskiem \u201eOpera\u201d w lewym g\u00f3rnym rogu otw\u00f3rz menu i wybierz w nim \u201eUstawienia\u201d i dalej \u201eWyczy\u015b\u0107 histori\u0119 przegl\u0105dania\u2026\u201d.<br \/>\nOpr\u00f3cz mo\u017cliwo\u015bci skasowania ju\u017c ustawionych plik\u00f3w cookie, jest tam te\u017c przycisk \u201eZarz\u0105dzaj ciasteczkami\u2026\u201d prowadz\u0105cy do bardziej zaawansowanych opcji dla poszczeg\u00f3lnych witryn.<\/p>\n<p><strong>W przegl\u0105darce Apple Safari<\/strong><br \/>\nW menu \u201eSafari\u201d wybierz \u201ePreferencje\u201d i w nich zak\u0142adk\u0119 \u201ePrywatno\u015b\u0107\u201d. Znajdziesz w niej liczne opcje dotycz\u0105ce plik\u00f3w cookie.<\/p>\n","protected":false},"excerpt":{"rendered":"<p>Uprzejmie informujemy, \u017ce PTTK oddzia\u0142 G\u0142ucho\u0142azy \u2013 Klub Turystyki Kolarskiej Ktukol, ul. Powsta\u0144c\u00f3w \u015al. 50\/23, 48-340 G\u0142ucho\u0142azy przetwarza nast\u0119puj\u0105cy zakres [&hellip;]<\/p>\n","protected":false},"author":1,"featured_media":0,"parent":0,"menu_order":0,"comment_status":"closed","ping_status":"closed","template":"","meta":{"site-sidebar-layout":"default","site-content-layout":"","ast-site-content-layout":"default","site-content-style":"default","site-sidebar-style":"default","ast-global-header-display":"","ast-banner-title-visibility":"","ast-main-header-display":"","ast-hfb-above-header-display":"","ast-hfb-below-header-display":"","ast-hfb-mobile-header-display":"","site-post-title":"","ast-breadcrumbs-content":"","ast-featured-img":"","footer-sml-layout":"","theme-transparent-header-meta":"","adv-header-id-meta":"","stick-header-meta":"","header-above-stick-meta":"","header-main-stick-meta":"","header-below-stick-meta":"","astra-migrate-meta-layouts":"default","ast-page-background-enabled":"default","ast-page-background-meta":{"desktop":{"background-color":"var(--ast-global-color-5)","background-image":"","background-repeat":"repeat","background-position":"center center","background-size":"auto","background-attachment":"scroll","background-type":"","background-media":"","overlay-type":"","overlay-color":"","overlay-opacity":"","overlay-gradient":""},"tablet":{"background-color":"","background-image":"","background-repeat":"repeat","background-position":"center center","background-size":"auto","background-attachment":"scroll","background-type":"","background-media":"","overlay-type":"","overlay-color":"","overlay-opacity":"","overlay-gradient":""},"mobile":{"background-color":"","background-image":"","background-repeat":"repeat","background-position":"center center","background-size":"auto","background-attachment":"scroll","background-type":"","background-media":"","overlay-type":"","overlay-color":"","overlay-opacity":"","overlay-gradient":""}},"ast-content-background-meta":{"desktop":{"background-color":"var(--ast-global-color-4)","background-image":"","background-repeat":"repeat","background-position":"center center","background-size":"auto","background-attachment":"scroll","background-type":"","background-media":"","overlay-type":"","overlay-color":"","overlay-opacity":"","overlay-gradient":""},"tablet":{"background-color":"var(--ast-global-color-4)","background-image":"","background-repeat":"repeat","background-position":"center center","background-size":"auto","background-attachment":"scroll","background-type":"","background-media":"","overlay-type":"","overlay-color":"","overlay-opacity":"","overlay-gradient":""},"mobile":{"background-color":"var(--ast-global-color-4)","background-image":"","background-repeat":"repeat","background-position":"center center","background-size":"auto","background-attachment":"scroll","background-type":"","background-media":"","overlay-type":"","overlay-color":"","overlay-opacity":"","overlay-gradient":""}},"footnotes":""},"class_list":["post-533","page","type-page","status-publish","hentry"],"jetpack_shortlink":"https:\/\/wp.me\/P4WQ0D-8B","jetpack_sharing_enabled":true,"_links":{"self":[{"href":"https:\/\/mtbglucholazy.pl\/index.php?rest_route=\/wp\/v2\/pages\/533","targetHints":{"allow":["GET"]}}],"collection":[{"href":"https:\/\/mtbglucholazy.pl\/index.php?rest_route=\/wp\/v2\/pages"}],"about":[{"href":"https:\/\/mtbglucholazy.pl\/index.php?rest_route=\/wp\/v2\/types\/page"}],"author":[{"embeddable":true,"href":"https:\/\/mtbglucholazy.pl\/index.php?rest_route=\/wp\/v2\/users\/1"}],"replies":[{"embeddable":true,"href":"https:\/\/mtbglucholazy.pl\/index.php?rest_route=%2Fwp%2Fv2%2Fcomments&post=533"}],"version-history":[{"count":4,"href":"https:\/\/mtbglucholazy.pl\/index.php?rest_route=\/wp\/v2\/pages\/533\/revisions"}],"predecessor-version":[{"id":1166,"href":"https:\/\/mtbglucholazy.pl\/index.php?rest_route=\/wp\/v2\/pages\/533\/revisions\/1166"}],"wp:attachment":[{"href":"https:\/\/mtbglucholazy.pl\/index.php?rest_route=%2Fwp%2Fv2%2Fmedia&parent=533"}],"curies":[{"name":"wp","href":"https:\/\/api.w.org\/{rel}","templated":true}]}}