{"id":28,"date":"2015-03-15T15:50:58","date_gmt":"2015-03-15T14:50:58","guid":{"rendered":"http:\/\/mtbgluchlo.cluster007.ovh.net\/?page_id=28"},"modified":"2025-08-19T13:54:01","modified_gmt":"2025-08-19T11:54:01","slug":"mapa-trasy","status":"publish","type":"page","link":"https:\/\/mtbglucholazy.pl\/?page_id=28","title":{"rendered":"Mapa trasy"},"content":{"rendered":"<div style='float:left;margin-right:7px;' class='like-fb'><\/div><p><a href=\"https:\/\/mtbglucholazy.pl\/?attachment_id=2384\" rel=\"attachment wp-att-2384\"><img fetchpriority=\"high\" decoding=\"async\" class=\"aligncenter size-large wp-image-2384\" src=\"http:\/\/mtbglucholazy.pl\/wp-content\/uploads\/2025\/08\/mapapp2025-1024x887.png\" alt=\"\" width=\"1024\" height=\"887\" srcset=\"https:\/\/mtbglucholazy.pl\/wp-content\/uploads\/2025\/08\/mapapp2025-1024x887.png 1024w, https:\/\/mtbglucholazy.pl\/wp-content\/uploads\/2025\/08\/mapapp2025-300x260.png 300w, https:\/\/mtbglucholazy.pl\/wp-content\/uploads\/2025\/08\/mapapp2025-768x665.png 768w, https:\/\/mtbglucholazy.pl\/wp-content\/uploads\/2025\/08\/mapapp2025.png 1041w\" sizes=\"(max-width: 1024px) 100vw, 1024px\" \/><\/a><\/p>\n<p><span class=\"code\">\r\n\t\t<div id=\"wpgpxmaps_28_1493964\" class=\"wpgpxmaps\">\r\n\t\t\t<div id=\"map_28_1493964_cont\" style=\"width:100%; height:450px;position:relative\" >\r\n\t\t\t\t<div id=\"map_28_1493964\" style=\"width:100%; height:450px\"><\/div>\r\n\t\t\t\t<div id=\"wpgpxmaps_28_1493964_osm_footer\" class=\"wpgpxmaps_osm_footer\" style=\"display:none;\"><span> &copy; <a href=\"http:\/\/www.openstreetmap.org\/copyright\">OpenStreetMap<\/a> contributors<\/span><\/div>\r\n\t\t\t<\/div>\r\n\t\t\t<canvas id=\"myChart_28_1493964\" class=\"plot\" style=\"width:100%; height:200px\"><\/canvas>\r\n\t\t\t<div id=\"ngimages_28_1493964\" class=\"ngimages\" style=\"display:none\"><\/div>\r\n\t\t\t<div id=\"report_28_1493964\" class=\"report\"><\/div>\r\n\t\t<\/div>\r\n\t\t\r\n\t\t<script type=\"text\/javascript\">\r\n\r\n\t\t\tjQuery(document).ready(function() {\r\n\r\n\t\t\t\tjQuery( \"#wpgpxmaps_28_1493964\" ).wpgpxmaps( {\r\n\t\t\t\t\ttargetId           : \"28_1493964\",\r\n\t\t\t\t\tmapType            : \"HYBRID\",\r\n\t\t\t\t\tmapData            : [[50.3081530,17.3813650],[50.3080660,17.3812980],[50.3079910,17.3812300],[50.3079060,17.3811870],[50.3078330,17.3810960],[50.3077710,17.3809840],[50.3077100,17.3808630],[50.3076570,17.3807470],[50.3076220,17.3806090],[50.3076140,17.3804560],[50.3075680,17.3803240],[50.3075470,17.3801630],[50.3075340,17.3800030],[50.3074880,17.3798730],[50.3074610,17.3797270],[50.3074360,17.3795900],[50.3073680,17.3794980],[50.3073000,17.3793910],[50.3072520,17.3793160],[50.3071740,17.3792880],[50.3071680,17.3791280],[50.3071040,17.3790300],[50.3070310,17.3789480],[50.3069820,17.3788580],[50.3068990,17.3788670],[50.3068230,17.3788320],[50.3067670,17.3787290],[50.3067150,17.3786130],[50.3066550,17.3785110],[50.3065750,17.3784670],[50.3064920,17.3783940],[50.3064160,17.3783040],[50.3063930,17.3781720],[50.3063560,17.3780530],[50.3063180,17.3779180],[50.3062620,17.3778010],[50.3061910,17.3777010],[50.3061350,17.3776000],[50.3060590,17.3774970],[50.3060020,17.3773800],[50.3059670,17.3774050],[50.3059180,17.3774930],[50.3058390,17.3775640],[50.3057830,17.3776970],[50.3057070,17.3777710],[50.3056330,17.3778490],[50.3055720,17.3779190],[50.3055150,17.3780620],[50.3054610,17.3781810],[50.3053900,17.3781750],[50.3053380,17.3780600],[50.3052720,17.3779620],[50.3052390,17.3778440],[50.3051930,17.3777350],[50.3051140,17.3776590],[50.3050590,17.3775430],[50.3049730,17.3774580],[50.3049070,17.3773520],[50.3048400,17.3772780],[50.3047630,17.3772150],[50.3046810,17.3771640],[50.3046170,17.3771020],[50.3045650,17.3770160],[50.3044780,17.3769940],[50.3043910,17.3769680],[50.3043310,17.3768620],[50.3042460,17.3768220],[50.3041860,17.3767380],[50.3041330,17.3766180],[50.3040790,17.3765310],[50.3040480,17.3763990],[50.3040050,17.3762680],[50.3039560,17.3761420],[50.3039020,17.3760370],[50.3038630,17.3759080],[50.3038200,17.3758020],[50.3037840,17.3756840],[50.3037850,17.3755490],[50.3038070,17.3754150],[50.3038570,17.3752730],[50.3039350,17.3751500],[50.3039880,17.3750050],[50.3040800,17.3749270],[50.3041590,17.3748390],[50.3042140,17.3747270],[50.3042330,17.3746060],[50.3042210,17.3744570],[50.3042180,17.3743030],[50.3042200,17.3741540],[50.3042080,17.3740270],[50.3042120,17.3738620],[50.3042160,17.3737120],[50.3041910,17.3736940],[50.3041860,17.3737810],[50.3041040,17.3738340],[50.3040600,17.3739610],[50.3039990,17.3740540],[50.3039230,17.3741720],[50.3038780,17.3743010],[50.3037940,17.3743780],[50.3037580,17.3745370],[50.3037430,17.3746850],[50.3037380,17.3748390],[50.3036460,17.3749300],[50.3035450,17.3750080],[50.3034590,17.3750760],[50.3034150,17.3752430],[50.3033570,17.3753390],[50.3033390,17.3754990],[50.3032900,17.3756260],[50.3032600,17.3757850],[50.3032620,17.3759160],[50.3032570,17.3761040],[50.3032850,17.3762500],[50.3032900,17.3764070],[50.3033290,17.3765360],[50.3033700,17.3766560],[50.3033160,17.3767780],[50.3033110,17.3769210],[50.3033240,17.3770540],[50.3034020,17.3771470],[50.3034250,17.3772830],[50.3034400,17.3774140],[50.3034170,17.3775450],[50.3034080,17.3776850],[50.3033760,17.3778200],[50.3033330,17.3779290],[50.3033710,17.3780540],[50.3034530,17.3781530],[50.3035350,17.3782430],[50.3036070,17.3782720],[50.3036980,17.3782990],[50.3037920,17.3782790],[50.3038760,17.3783640],[50.3038820,17.3785480],[50.3038970,17.3786860],[50.3038900,17.3788290],[50.3038970,17.3789950],[50.3039020,17.3791260],[50.3039950,17.3792240],[50.3040790,17.3792900],[50.3040380,17.3794210],[50.3039510,17.3794490],[50.3039130,17.3795080],[50.3038220,17.3795180],[50.3037140,17.3795750],[50.3036040,17.3796390],[50.3034970,17.3797150],[50.3034200,17.3798200],[50.3033500,17.3799040],[50.3032830,17.3799940],[50.3032070,17.3800600],[50.3031210,17.3801250],[50.3030740,17.3802410],[50.3031520,17.3803220],[50.3032180,17.3804120],[50.3032310,17.3805550],[50.3031790,17.3806340],[50.3030810,17.3806500],[50.3031380,17.3807000],[50.3031710,17.3808010],[50.3032000,17.3809190],[50.3032100,17.3810590],[50.3031190,17.3811460],[50.3030400,17.3812190],[50.3029940,17.3813380],[50.3030560,17.3814360],[50.3031140,17.3814750],[50.3032110,17.3815060],[50.3032910,17.3815770],[50.3033410,17.3817110],[50.3033730,17.3818530],[50.3033660,17.3819890],[50.3033660,17.3821300],[50.3033920,17.3822400],[50.3034030,17.3823820],[50.3034450,17.3824970],[50.3034230,17.3825720],[50.3033800,17.3826900],[50.3034370,17.3827580],[50.3035250,17.3828030],[50.3035050,17.3826900],[50.3034480,17.3825980],[50.3034480,17.3824880],[50.3035160,17.3823710],[50.3035940,17.3823560],[50.3036430,17.3824470],[50.3036750,17.3823210],[50.3037530,17.3822860],[50.3038130,17.3822970],[50.3038780,17.3822930],[50.3039450,17.3823860],[50.3040070,17.3823370],[50.3040480,17.3822850],[50.3040350,17.3821730],[50.3040280,17.3820460],[50.3039700,17.3819500],[50.3038940,17.3819100],[50.3039310,17.3817610],[50.3039440,17.3816130],[50.3039860,17.3814900],[50.3039700,17.3813830],[50.3038720,17.3813630],[50.3038340,17.3812390],[50.3038420,17.3810850],[50.3038620,17.3809750],[50.3038640,17.3808230],[50.3038890,17.3807010],[50.3039150,17.3805690],[50.3039260,17.3804140],[50.3039050,17.3802730],[50.3039820,17.3802130],[50.3040730,17.3802230],[50.3041540,17.3802730],[50.3042470,17.3802580],[50.3043370,17.3802020],[50.3044260,17.3802140],[50.3045280,17.3801950],[50.3046220,17.3801910],[50.3047290,17.3802070],[50.3048110,17.3802400],[50.3048770,17.3801460],[50.3049550,17.3801220],[50.3050520,17.3800940],[50.3051350,17.3800970],[50.3052180,17.3801370],[50.3053130,17.3802390],[50.3053080,17.3803740],[50.3053420,17.3804670],[50.3053190,17.3806020],[50.3052690,17.3807220],[50.3051980,17.3807250],[50.3052840,17.3807160],[50.3053700,17.3805160],[50.3052970,17.3806490],[50.3053760,17.3806820],[50.3054490,17.3807710],[50.3055000,17.3808380],[50.3055520,17.3807180],[50.3055550,17.3805880],[50.3055020,17.3804780],[50.3055220,17.3803210],[50.3055780,17.3801570],[50.3056650,17.3800810],[50.3057630,17.3801220],[50.3058460,17.3801660],[50.3059230,17.3802370],[50.3060130,17.3802930],[50.3060970,17.3803610],[50.3061780,17.3804310],[50.3062880,17.3804860],[50.3063800,17.3805460],[50.3064660,17.3806140],[50.3064570,17.3807200],[50.3064100,17.3808050],[50.3064840,17.3808940],[50.3065640,17.3809010],[50.3066270,17.3810020],[50.3066470,17.3811080],[50.3066130,17.3812400],[50.3065420,17.3812820],[50.3064610,17.3812110],[50.3064160,17.3811060],[50.3063440,17.3810400],[50.3062690,17.3811250],[50.3061920,17.3811950],[50.3061350,17.3812990],[50.3060360,17.3813260],[50.3059530,17.3813410],[50.3059970,17.3814820],[50.3060710,17.3816000],[50.3060590,17.3816330],[50.3059710,17.3816430],[50.3058650,17.3816350],[50.3058520,17.3817360],[50.3059370,17.3817380],[50.3060330,17.3817480],[50.3061260,17.3817210],[50.3062050,17.3816610],[50.3062770,17.3815680],[50.3062220,17.3814840],[50.3061290,17.3814590],[50.3060460,17.3813770],[50.3061480,17.3813870],[50.3062500,17.3813920],[50.3063490,17.3814300],[50.3064000,17.3815610],[50.3063850,17.3816950],[50.3063230,17.3817970],[50.3063540,17.3819520],[50.3064180,17.3820540],[50.3065070,17.3820820],[50.3065960,17.3821190],[50.3066760,17.3821830],[50.3067700,17.3822280],[50.3068620,17.3822000],[50.3069460,17.3821300],[50.3070250,17.3820620],[50.3071030,17.3819380],[50.3071710,17.3818330],[50.3072650,17.3817700],[50.3073420,17.3817030],[50.3074440,17.3816440],[50.3075250,17.3815750],[50.3076000,17.3814960],[50.3076680,17.3814010],[50.3077420,17.3813010],[50.3078100,17.3812330],[50.3078470,17.3813660],[50.3077740,17.3814420],[50.3076990,17.3815330],[50.3076150,17.3816330],[50.3075440,17.3817190],[50.3075070,17.3818210],[50.3075980,17.3818950],[50.3076860,17.3818520],[50.3077330,17.3817200],[50.3077950,17.3816000],[50.3078640,17.3816550],[50.3078650,17.3817960],[50.3078120,17.3819110],[50.3077540,17.3820200],[50.3078290,17.3820540],[50.3078840,17.3821750],[50.3078960,17.3823120],[50.3079540,17.3823710],[50.3079390,17.3822350],[50.3078980,17.3821100],[50.3079230,17.3820000],[50.3078900,17.3818390],[50.3078750,17.3817100],[50.3078510,17.3815890],[50.3079050,17.3814860],[50.3079830,17.3815660],[50.3080160,17.3816980],[50.3080170,17.3818230],[50.3082010,17.3818540],[50.3082540,17.3819770],[50.3082880,17.3821080],[50.3083140,17.3822430],[50.3083610,17.3823680],[50.3084220,17.3824810],[50.3084990,17.3825030],[50.3085300,17.3823610],[50.3085560,17.3822200],[50.3085800,17.3820680],[50.3086070,17.3819340],[50.3086570,17.3818130],[50.3086060,17.3816760],[50.3085490,17.3815750],[50.3084590,17.3815020],[50.3083700,17.3814610],[50.3082850,17.3814120],[50.3082410,17.3813500],[50.3081440,17.3813270]],\r\n\t\t\t\t\tgraphDist          : [0.00,10.85,20.89,31.28,41.89,52.45,63.91,74.36,85.44,96.48,107.76,119.82,131.51,142.35,153.44,163.78,174.05,185.53,196.00,206.05,217.80,228.03,238.83,248.98,259.24,269.51,280.07,290.84,301.49,312.20,323.18,334.16,344.68,354.71,365.69,376.75,387.71,397.98,409.92,420.61,430.76,441.48,451.91,463.70,473.99,484.03,494.25,506.69,517.88,528.72,539.72,551.24,562.47,573.46,584.30,595.26,607.11,618.40,628.75,638.84,649.45,659.49,669.90,680.31,691.84,702.62,713.01,723.11,733.75,745.72,756.18,768.52,779.89,790.04,801.21,811.34,821.68,831.79,841.84,853.54,866.17,878.35,890.52,901.64,912.06,922.93,934.25,945.76,956.56,967.39,979.66,991.39,1001.75,1012.80,1023.45,1034.22,1044.28,1056.49,1067.02,1078.23,1090.56,1102.30,1113.44,1126.07,1138.90,1149.76,1162.63,1173.74,1186.59,1197.31,1210.17,1221.90,1235.93,1247.85,1259.68,1270.90,1280.96,1291.90,1302.70,1314.15,1325.75,1336.04,1346.54,1356.75,1366.82,1378.75,1388.89,1399.17,1411.62,1423.45,1433.92,1444.43,1456.12,1468.68,1482.17,1492.33,1502.82,1515.69,1526.46,1539.76,1550.32,1562.46,1572.99,1583.52,1594.24,1607.94,1621.66,1634.85,1646.35,1656.64,1666.64,1677.30,1688.36,1698.44,1710.47,1720.83,1734.23,1744.89,1756.10,1766.82,1777.52,1788.23,1799.58,1811.90,1822.85,1833.15,1843.99,1854.81,1866.47,1876.92,1888.16,1899.63,1910.65,1921.09,1932.20,1942.96,1953.06,1964.54,1976.34,1989.23,2000.65,2011.47,2021.75,2032.14,2043.79,2055.02,2066.28,2077.40,2087.58,2097.83,2108.21,2118.35,2128.59,2139.00,2149.22,2159.47,2170.46,2181.83,2194.87,2205.69,2216.34,2227.23,2238.97,2249.52,2260.86,2271.50,2283.03,2293.11,2303.60,2315.20,2325.85,2336.75,2347.15,2357.27,2368.42,2379.72,2390.18,2401.96,2414.28,2426.60,2437.22,2447.59,2457.60,2468.79,2479.07,2489.21,2502.10,2512.85,2523.40,2534.10,2544.94,2555.07,2565.55,2586.42,2598.91,2609.24,2619.96,2631.04,2642.03,2652.53,2662.90,2675.53,2689.03,2700.60,2712.11,2722.54,2732.64,2745.00,2755.92,2766.92,2780.04,2791.52,2802.64,2814.72,2825.11,2835.98,2846.39,2857.51,2868.02,2881.00,2892.14,2903.27,2913.57,2924.97,2935.50,2945.74,2955.89,2967.53,2979.47,2991.26,3003.27,3013.88,3023.94,3036.52,3047.86,3057.97,3069.27,3080.07,3090.43,3102.01,3112.37,3123.07,3134.83,3148.40,3159.77,3172.99,3184.29,3194.37,3204.97,3217.35,3228.00,3238.90,3249.70,3259.93,3270.92,3282.04,3292.84,3303.09,3315.85,3327.00,3338.73,3350.01,3362.32,3372.92,3383.19,3393.71,3404.85,3414.93,3426.19,3436.32,3447.15,3459.00,3469.22,3480.01,3491.93,3503.04,3514.58,3526.10,3537.44,3547.56,3558.96,3569.64,3580.39,3591.45,3601.78,3612.60,3623.36,3633.73,3644.43,3657.52,3668.29,3679.37,3689.54,3700.25,3710.66,3721.48,3744.87,3756.20,3766.39,3776.90,3787.55,3798.58,3808.99,3820.41,3831.02,3842.60,3852.85,3863.21,3876.25,3886.83,3898.21,3908.71,3918.87,3930.18,3941.18],\r\n\t\t\t\t\tgraphEle           : [294.70,295.20,295.60,296.10,296.50,296.60,296.80,297.00,297.00,297.00,296.90,296.90,297.00,297.00,297.00,297.00,297.20,297.30,298.60,300.00,301.60,303.40,305.50,307.70,309.80,311.80,313.90,316.10,318.40,320.70,322.80,324.40,325.50,326.40,327.70,329.40,331.50,333.40,335.50,337.20,338.50,338.70,338.90,339.20,339.60,340.00,340.40,340.70,341.20,342.20,343.30,344.40,345.40,346.40,347.50,348.70,350.10,351.50,352.70,353.90,355.20,356.50,357.80,359.10,360.70,362.10,363.50,364.80,366.00,367.30,368.30,369.60,370.80,372.10,373.70,375.20,376.60,377.80,379.00,380.20,381.50,382.70,383.90,385.10,386.30,387.60,389.10,390.80,392.50,394.10,395.80,397.10,397.50,395.70,396.40,395.10,393.90,392.40,391.20,390.20,389.10,388.10,387.10,385.90,385.00,384.40,383.80,382.80,381.40,380.30,379.20,378.30,377.30,376.40,375.50,374.60,373.70,372.80,371.80,370.60,369.30,368.20,367.10,366.10,365.10,364.20,363.40,362.50,361.30,360.10,358.90,357.80,356.60,355.40,354.20,353.20,352.00,350.60,349.80,348.80,348.00,347.20,347.00,346.80,346.50,346.20,345.80,345.50,345.20,344.90,344.70,344.50,344.80,344.90,343.90,343.10,342.40,342.20,342.40,342.00,341.30,340.80,339.90,339.60,339.50,338.70,338.20,337.90,337.50,336.80,336.00,335.30,334.70,334.20,333.40,332.90,332.00,331.80,331.40,330.80,330.00,330.50,331.50,331.80,331.70,331.30,330.40,330.70,330.20,329.60,328.70,327.70,326.90,326.70,327.30,328.00,329.30,330.30,330.40,331.40,331.30,332.30,333.10,334.30,335.00,335.50,336.50,337.00,337.60,338.40,339.40,339.10,338.60,338.10,337.60,337.10,336.70,336.20,335.60,335.00,334.50,334.00,333.50,333.00,332.60,332.20,331.70,331.20,330.70,330.10,329.50,328.90,328.20,326.60,325.70,325.50,325.00,324.50,325.00,326.20,327.80,329.30,329.80,329.60,328.10,326.90,325.90,324.00,322.70,320.90,319.10,317.40,315.70,315.00,315.40,313.60,312.10,310.70,309.50,309.40,310.40,312.00,313.10,314.20,314.50,314.60,314.30,314.40,314.90,313.60,312.10,311.90,312.20,312.70,312.00,311.60,311.00,310.70,310.40,310.80,311.70,312.20,313.40,312.60,312.00,310.70,309.40,309.00,308.80,308.10,307.70,307.40,307.20,306.80,306.50,305.50,304.60,303.70,302.70,301.90,301.10,300.40,299.70,299.20,298.70,298.30,297.80,297.40,297.00,297.40,297.90,298.40,298.90,299.40,298.70,297.70,296.90,295.50,295.30,296.20,297.50,299.00,298.50,298.90,299.90,299.60,299.10,298.90,297.90,297.70,297.20,297.00,296.00,295.60,296.00,296.80,295.30,296.00,296.40,297.10,297.80,297.90,297.40,296.20,295.60,294.70,294.00,293.20,293.10,293.30,293.50,293.70,294.00,294.40,294.80],\r\n\t\t\t\t\tgraphSpeed         : [],\r\n\t\t\t\t\tgraphHr            : [],\r\n\t\t\t\t\tgraphAtemp         : [],\r\n\t\t\t\t\tgraphCad           : [],\r\n\t\t\t\t\tgraphGrade         : [],\r\n\t\t\t\t\twaypoints          : [],\r\n\t\t\t\t\tunit               : \"0\",\r\n\t\t\t\t\tunitspeed          : \"0\",\r\n\t\t\t\t\tcolor1             : [\"#3366cc\"],\r\n\t\t\t\t\tcolor2             : \"#3366cc\",\r\n\t\t\t\t\tcolor3             : \"#ff0000\",\r\n\t\t\t\t\tcolor4             : \"#ff77bd\",\r\n\t\t\t\t\tcolor5             : \"#beecff\",\r\n\t\t\t\t\tcolor6             : \"#beecff\",\r\n\t\t\t\t\tcolor7             : \"#ff77bd\",\r\n\t\t\t\t\tchartFrom1         : \"\",\r\n\t\t\t\t\tchartTo1           : \"\",\r\n\t\t\t\t\tchartFrom2         : \"\",\r\n\t\t\t\t\tchartTo2           : \"\",\r\n\t\t\t\t\tstartIcon          : \"\",\r\n\t\t\t\t\tendIcon            : \"\",\r\n\t\t\t\t\tcurrentIcon        : \"\",\r\n\t\t\t\t\twaypointIcon       : \"\",\r\n\t\t\t\t\tcurrentpositioncon : \"\",\r\n\t\t\t\t\tusegpsposition     : \"\",\r\n\t\t\t\t\tzoomOnScrollWheel  : \"\",\r\n\t\t\t\t\tngGalleries        : [],\r\n\t\t\t\t\tngImages           : [],\r\n\t\t\t\t\tpluginUrl          : \"https:\/\/mtbglucholazy.pl\/wp-content\/plugins\",\r\n\t\t\t\t\tTFApiKey           : \"\",\r\n\t\t\t\t\tMapBoxApiKey           : \"\",\r\n\t\t\t\t\tlangs              : {\r\n\t\t\t\t\t\taltitude        : \"Wysoko\u015b\u0107\",\r\n\t\t\t\t\t\tcurrentPosition : \"Current position\",\r\n\t\t\t\t\t\tspeed           : \"Pr\u0119dko\u015b\u0107\",\r\n\t\t\t\t\t\tgrade           : \"Grade\",\r\n\t\t\t\t\t\theartRate       : \"T\u0119tno\",\r\n\t\t\t\t\t\tatemp           : \"Temperature\",\r\n\t\t\t\t\t\tcadence         : \"Kadencja\",\r\n\t\t\t\t\t\tgoFullScreen    : \"Go full screen\",\r\n\t\t\t\t\t\texitFullFcreen  : \"Exit full screen\",\r\n\t\t\t\t\t\thideImages      : \"Hide images\",\r\n\t\t\t\t\t\tshowImages      : \"Show images\",\r\n\t\t\t\t\t\tbackToCenter\t: \"Wy\u015brodkuj\"\r\n\t\t\t\t\t}\r\n\t\t\t\t});\r\n\r\n\t\t\t});\r\n\r\n\t\t<\/script>Download file: <a href='https:\/\/mtbglucholazy.pl\/wp-content\/uploads\/gpx\/puchar-polski-gl-zy-trasa-2025.gpx' target='_new' download>puchar-polski-gl-zy-trasa-2025.gpx<\/a><\/span><\/p>\n","protected":false},"excerpt":{"rendered":"","protected":false},"author":1,"featured_media":0,"parent":0,"menu_order":0,"comment_status":"closed","ping_status":"closed","template":"","meta":{"site-sidebar-layout":"default","site-content-layout":"","ast-site-content-layout":"default","site-content-style":"default","site-sidebar-style":"default","ast-global-header-display":"","ast-banner-title-visibility":"","ast-main-header-display":"","ast-hfb-above-header-display":"","ast-hfb-below-header-display":"","ast-hfb-mobile-header-display":"","site-post-title":"","ast-breadcrumbs-content":"","ast-featured-img":"","footer-sml-layout":"","theme-transparent-header-meta":"","adv-header-id-meta":"","stick-header-meta":"","header-above-stick-meta":"","header-main-stick-meta":"","header-below-stick-meta":"","astra-migrate-meta-layouts":"default","ast-page-background-enabled":"default","ast-page-background-meta":{"desktop":{"background-color":"var(--ast-global-color-5)","background-image":"","background-repeat":"repeat","background-position":"center center","background-size":"auto","background-attachment":"scroll","background-type":"","background-media":"","overlay-type":"","overlay-color":"","overlay-opacity":"","overlay-gradient":""},"tablet":{"background-color":"","background-image":"","background-repeat":"repeat","background-position":"center center","background-size":"auto","background-attachment":"scroll","background-type":"","background-media":"","overlay-type":"","overlay-color":"","overlay-opacity":"","overlay-gradient":""},"mobile":{"background-color":"","background-image":"","background-repeat":"repeat","background-position":"center center","background-size":"auto","background-attachment":"scroll","background-type":"","background-media":"","overlay-type":"","overlay-color":"","overlay-opacity":"","overlay-gradient":""}},"ast-content-background-meta":{"desktop":{"background-color":"var(--ast-global-color-4)","background-image":"","background-repeat":"repeat","background-position":"center center","background-size":"auto","background-attachment":"scroll","background-type":"","background-media":"","overlay-type":"","overlay-color":"","overlay-opacity":"","overlay-gradient":""},"tablet":{"background-color":"var(--ast-global-color-4)","background-image":"","background-repeat":"repeat","background-position":"center center","background-size":"auto","background-attachment":"scroll","background-type":"","background-media":"","overlay-type":"","overlay-color":"","overlay-opacity":"","overlay-gradient":""},"mobile":{"background-color":"var(--ast-global-color-4)","background-image":"","background-repeat":"repeat","background-position":"center center","background-size":"auto","background-attachment":"scroll","background-type":"","background-media":"","overlay-type":"","overlay-color":"","overlay-opacity":"","overlay-gradient":""}},"footnotes":""},"class_list":["post-28","page","type-page","status-publish","hentry"],"jetpack_shortlink":"https:\/\/wp.me\/P4WQ0D-s","jetpack_sharing_enabled":true,"_links":{"self":[{"href":"https:\/\/mtbglucholazy.pl\/index.php?rest_route=\/wp\/v2\/pages\/28","targetHints":{"allow":["GET"]}}],"collection":[{"href":"https:\/\/mtbglucholazy.pl\/index.php?rest_route=\/wp\/v2\/pages"}],"about":[{"href":"https:\/\/mtbglucholazy.pl\/index.php?rest_route=\/wp\/v2\/types\/page"}],"author":[{"embeddable":true,"href":"https:\/\/mtbglucholazy.pl\/index.php?rest_route=\/wp\/v2\/users\/1"}],"replies":[{"embeddable":true,"href":"https:\/\/mtbglucholazy.pl\/index.php?rest_route=%2Fwp%2Fv2%2Fcomments&post=28"}],"version-history":[{"count":9,"href":"https:\/\/mtbglucholazy.pl\/index.php?rest_route=\/wp\/v2\/pages\/28\/revisions"}],"predecessor-version":[{"id":2385,"href":"https:\/\/mtbglucholazy.pl\/index.php?rest_route=\/wp\/v2\/pages\/28\/revisions\/2385"}],"wp:attachment":[{"href":"https:\/\/mtbglucholazy.pl\/index.php?rest_route=%2Fwp%2Fv2%2Fmedia&parent=28"}],"curies":[{"name":"wp","href":"https:\/\/api.w.org\/{rel}","templated":true}]}}