{"id":2418,"date":"2025-09-01T09:43:42","date_gmt":"2025-09-01T07:43:42","guid":{"rendered":"https:\/\/mtbglucholazy.pl\/?page_id=2418"},"modified":"2025-11-24T14:47:52","modified_gmt":"2025-11-24T13:47:52","slug":"wyniki-2025","status":"publish","type":"page","link":"https:\/\/mtbglucholazy.pl\/?page_id=2418","title":{"rendered":"Wyniki 2025"},"content":{"rendered":"<div style='float:left;margin-right:7px;' class='like-fb'><\/div>\t\t<div data-elementor-type=\"wp-page\" data-elementor-id=\"2418\" class=\"elementor elementor-2418\">\n\t\t\t\t\t\t<section class=\"elementor-section elementor-top-section elementor-element elementor-element-4fdf31a elementor-section-boxed elementor-section-height-default elementor-section-height-default\" data-id=\"4fdf31a\" data-element_type=\"section\">\n\t\t\t\t\t\t<div class=\"elementor-container elementor-column-gap-default\">\n\t\t\t\t\t<div class=\"elementor-column elementor-col-100 elementor-top-column elementor-element elementor-element-dd26aa6\" data-id=\"dd26aa6\" data-element_type=\"column\">\n\t\t\t<div class=\"elementor-widget-wrap elementor-element-populated\">\n\t\t\t\t\t\t<div class=\"elementor-element elementor-element-c888bb1 elementor-widget elementor-widget-heading\" data-id=\"c888bb1\" data-element_type=\"widget\" data-widget_type=\"heading.default\">\n\t\t\t\t<div class=\"elementor-widget-container\">\n\t\t\t\t\t<h3 class=\"elementor-heading-title elementor-size-default\"><h2 class=\"elementor-heading-title elementor-size-default\">WYNIKI KOLARSKIEGO WEEKENDU - G\u0141UCHO\u0141AZY 2025<\/h2><\/h3>\t\t\t\t<\/div>\n\t\t\t\t<\/div>\n\t\t\t\t<div class=\"elementor-element elementor-element-a8bde2a elementor-widget elementor-widget-heading\" data-id=\"a8bde2a\" data-element_type=\"widget\" data-widget_type=\"heading.default\">\n\t\t\t\t<div class=\"elementor-widget-container\">\n\t\t\t\t\t<h4 class=\"elementor-heading-title elementor-size-default\">WYNIKI - JBG Short Track MTB XCC G\u0142ucho\u0142azy 2025<\/h4>\t\t\t\t<\/div>\n\t\t\t\t<\/div>\n\t\t\t\t<div class=\"elementor-element elementor-element-bd305b3 elementor-widget elementor-widget-text-editor\" data-id=\"bd305b3\" data-element_type=\"widget\" data-widget_type=\"text-editor.default\">\n\t\t\t\t<div class=\"elementor-widget-container\">\n\t\t\t\t\t\t\t\t\t<style>\n  .link-box {\n    display: inline-block;\n    margin: 10px 0;\n    padding: 12px 20px;\n    background-color: #004aad; \/* kolor t\u0142a *\/\n    color: white;              \/* kolor tekstu *\/\n    font-weight: bold;\n    font-size: 18px;\n    text-decoration: none;\n    border-radius: 6px;\n    transition: background 0.3s;\n  }\n\n  .link-box:hover {\n    background-color: #003080; \/* ciemniejszy przy najechaniu *\/\n  }\n<\/style>\n\n<a class=\"link-box\" href=\"http:\/\/mtbglucholazy.pl\/wp-content\/uploads\/2025\/09\/analiza-wyscigow-miedzyczasy-short-track.pdf\">\n  ANALIZA WY\u015aCIG\u00d3W\n<\/a>\n\n<a class=\"link-box\" href=\"http:\/\/mtbglucholazy.pl\/wp-content\/uploads\/2025\/09\/wyniki_ogolne_short_track.pdf\">\n  WYNIKI OG\u00d3LNE SHORT TRACK\n<\/a>\n\n<a class=\"link-box\" href=\"http:\/\/mtbglucholazy.pl\/wp-content\/uploads\/2025\/09\/wyniki_sztafety_mmm.pdf\">\n  WYNIKI SZTAFETY MMM\n<\/a>\n\t\t\t\t\t\t\t\t<\/div>\n\t\t\t\t<\/div>\n\t\t\t\t<div class=\"elementor-element elementor-element-e6b27d4 elementor-widget elementor-widget-spacer\" data-id=\"e6b27d4\" data-element_type=\"widget\" data-widget_type=\"spacer.default\">\n\t\t\t\t<div class=\"elementor-widget-container\">\n\t\t\t\t\t\t\t<div class=\"elementor-spacer\">\n\t\t\t<div class=\"elementor-spacer-inner\"><\/div>\n\t\t<\/div>\n\t\t\t\t\t\t<\/div>\n\t\t\t\t<\/div>\n\t\t\t\t<div class=\"elementor-element elementor-element-6c1519b elementor-widget elementor-widget-heading\" data-id=\"6c1519b\" data-element_type=\"widget\" data-widget_type=\"heading.default\">\n\t\t\t\t<div class=\"elementor-widget-container\">\n\t\t\t\t\t<h4 class=\"elementor-heading-title elementor-size-default\">WYNIKI \u2013 Puchar Polski CykloOpawy XC-MTB UCI C2 2025<\/h4>\t\t\t\t<\/div>\n\t\t\t\t<\/div>\n\t\t\t\t<div class=\"elementor-element elementor-element-a48a950 elementor-widget elementor-widget-text-editor\" data-id=\"a48a950\" data-element_type=\"widget\" data-widget_type=\"text-editor.default\">\n\t\t\t\t<div class=\"elementor-widget-container\">\n\t\t\t\t\t\t\t\t\t<style>\n  .link-box {\n    display: inline-block;\n    margin: 10px 0;\n    padding: 12px 20px;\n    background-color: #004aad; \/* kolor t\u0142a *\/\n    color: white;              \/* kolor tekstu *\/\n    font-weight: bold;\n    font-size: 18px;\n    text-decoration: none;\n    border-radius: 6px;\n    transition: background 0.3s;\n  }\n\n  .link-box:hover {\n    background-color: #003080; \/* ciemniejszy przy najechaniu *\/\n  }\n<\/style>\n\n<a class=\"link-box\" href=\"http:\/\/mtbglucholazy.pl\/wp-content\/uploads\/2025\/09\/Analiza-Wyscigow-Race-Analysys.pdf\">\n  Analiza Wy\u015bcig\u00f3w \/ Race Analysys\n<\/a>\n\n<a class=\"link-box\" href=\"http:\/\/mtbglucholazy.pl\/wp-content\/uploads\/2025\/09\/Klasyfikacja-Generalna-PP-Po-4-Rundzie-Polish-Cup-Standings-After-4-Round.pdf\">\n  Klasyfikacja Generalna PP Po 4 Rundzie \/ Polish Cup Standings After 4 Round\n<\/a>\n\n<a class=\"link-box\" href=\"http:\/\/mtbglucholazy.pl\/wp-content\/uploads\/2025\/09\/Wyniki-MMM-mlodzik-mlodziczka.pdf\">\n  Wyniki \u2013 MMM m\u0142odzik, m\u0142odziczka\n<\/a>\n\n<a class=\"link-box\" href=\"http:\/\/mtbglucholazy.pl\/wp-content\/uploads\/2025\/09\/Wyniki-Druzynowe-Team-Results.pdf\">\n  Wyniki Dru\u017cynowe \/ Team Results\n<\/a>\n\n<a class=\"link-box\" href=\"http:\/\/mtbglucholazy.pl\/wp-content\/uploads\/2025\/09\/Wyniki-Mistrzostwa-Wojewodztwa-Opolskiego.pdf\">\n  Wyniki Mistrzostwa Wojew\u00f3dztwa Opolskiego\n<\/a>\n\n<a class=\"link-box\" href=\"http:\/\/mtbglucholazy.pl\/wp-content\/uploads\/2025\/09\/Wyniki-Ogolne-Indywidual-Results.pdf\">\n  Wyniki Og\u00f3lne \/ Indywidual Results\n<\/a>\n\t\t\t\t\t\t\t\t<\/div>\n\t\t\t\t<\/div>\n\t\t\t\t<div class=\"elementor-element elementor-element-605f820 elementor-widget elementor-widget-spacer\" data-id=\"605f820\" data-element_type=\"widget\" data-widget_type=\"spacer.default\">\n\t\t\t\t<div class=\"elementor-widget-container\">\n\t\t\t\t\t\t\t<div class=\"elementor-spacer\">\n\t\t\t<div class=\"elementor-spacer-inner\"><\/div>\n\t\t<\/div>\n\t\t\t\t\t\t<\/div>\n\t\t\t\t<\/div>\n\t\t\t\t<div class=\"elementor-element elementor-element-facf8c2 elementor-widget elementor-widget-heading\" data-id=\"facf8c2\" data-element_type=\"widget\" data-widget_type=\"heading.default\">\n\t\t\t\t<div class=\"elementor-widget-container\">\n\t\t\t\t\t<h4 class=\"elementor-heading-title elementor-size-default\">WYNIKI \u2013 Gold Hill MTB Maraton 2025<\/h4>\t\t\t\t<\/div>\n\t\t\t\t<\/div>\n\t\t\t\t<div class=\"elementor-element elementor-element-89937dc elementor-widget elementor-widget-text-editor\" data-id=\"89937dc\" data-element_type=\"widget\" data-widget_type=\"text-editor.default\">\n\t\t\t\t<div class=\"elementor-widget-container\">\n\t\t\t\t\t\t\t\t\t<style>\n  .link-box {\n    display: inline-block;\n    margin: 10px 0;\n    padding: 12px 20px;\n    background-color: #004aad; \/* kolor t\u0142a *\/\n    color: white;              \/* kolor tekstu *\/\n    font-weight: bold;\n    font-size: 18px;\n    text-decoration: none;\n    border-radius: 6px;\n    transition: background 0.3s;\n  }\n\n  .link-box:hover {\n    background-color: #003080; \/* ciemniejszy przy najechaniu *\/\n  }\n<\/style>\n\n<a class=\"link-box\" href=\"http:\/\/mtbglucholazy.pl\/wp-content\/uploads\/2025\/09\/WYNIKI-CLASSIC.pdf\">\n  WYNIKI \u2013 CLASSIC\n<\/a>\n\n<a class=\"link-box\" href=\"http:\/\/mtbglucholazy.pl\/wp-content\/uploads\/2025\/09\/WYNIKI-ELEKTRYKI.pdf\">\n  WYNIKI \u2013 ELEKTRYKI\n<\/a>\n\n<a class=\"link-box\" href=\"http:\/\/mtbglucholazy.pl\/wp-content\/uploads\/2025\/09\/WYNIKI-FUN.pdf\">\n  WYNIKI \u2013 FUN\n<\/a>\n\n<a class=\"link-box\" href=\"http:\/\/mtbglucholazy.pl\/wp-content\/uploads\/2025\/09\/WYNIKI-GIGA.pdf\">\n  WYNIKI \u2013 GIGA\n<\/a>\n\n<a class=\"link-box\" href=\"http:\/\/mtbglucholazy.pl\/wp-content\/uploads\/2025\/09\/WYNIKI-MEGA.pdf\">\n  WYNIKI \u2013 MEGA\n<\/a>\n\t\t\t\t\t\t\t\t<\/div>\n\t\t\t\t<\/div>\n\t\t\t\t<div class=\"elementor-element elementor-element-f2c9396 elementor-widget elementor-widget-heading\" data-id=\"f2c9396\" data-element_type=\"widget\" data-widget_type=\"heading.default\">\n\t\t\t\t<div class=\"elementor-widget-container\">\n\t\t\t\t\t<h4 class=\"elementor-heading-title elementor-size-default\">ZABAWA ROWEROWA - MARATON DLA DZIECI<\/h4>\t\t\t\t<\/div>\n\t\t\t\t<\/div>\n\t\t\t\t<div class=\"elementor-element elementor-element-89fc9c5 elementor-widget elementor-widget-button\" data-id=\"89fc9c5\" data-element_type=\"widget\" data-widget_type=\"button.default\">\n\t\t\t\t<div class=\"elementor-widget-container\">\n\t\t\t\t\t\t\t\t\t<div class=\"elementor-button-wrapper\">\n\t\t\t\t\t<a class=\"elementor-button elementor-button-link elementor-size-sm\" href=\"http:\/\/mtbglucholazy.pl\/wp-content\/uploads\/2025\/11\/Maraton-Dzieci.pdf\">\n\t\t\t\t\t\t<span class=\"elementor-button-content-wrapper\">\n\t\t\t\t\t\t\t\t\t<span class=\"elementor-button-text\">Maraton dla dzieci<\/span>\n\t\t\t\t\t<\/span>\n\t\t\t\t\t<\/a>\n\t\t\t\t<\/div>\n\t\t\t\t\t\t\t\t<\/div>\n\t\t\t\t<\/div>\n\t\t\t\t\t<\/div>\n\t\t<\/div>\n\t\t\t\t\t<\/div>\n\t\t<\/section>\n\t\t\t\t<\/div>\n\t\t","protected":false},"excerpt":{"rendered":"<p>WYNIKI KOLARSKIEGO WEEKENDU &#8211; G\u0141UCHO\u0141AZY 2025 WYNIKI &#8211; JBG Short Track MTB XCC G\u0142ucho\u0142azy 2025 ANALIZA WY\u015aCIG\u00d3W WYNIKI OG\u00d3LNE SHORT [&hellip;]<\/p>\n","protected":false},"author":1,"featured_media":2427,"parent":0,"menu_order":0,"comment_status":"closed","ping_status":"closed","template":"","meta":{"site-sidebar-layout":"no-sidebar","site-content-layout":"","ast-site-content-layout":"full-width-container","site-content-style":"default","site-sidebar-style":"default","ast-global-header-display":"","ast-banner-title-visibility":"","ast-main-header-display":"","ast-hfb-above-header-display":"","ast-hfb-below-header-display":"","ast-hfb-mobile-header-display":"","site-post-title":"disabled","ast-breadcrumbs-content":"","ast-featured-img":"disabled","footer-sml-layout":"","theme-transparent-header-meta":"","adv-header-id-meta":"","stick-header-meta":"","header-above-stick-meta":"","header-main-stick-meta":"","header-below-stick-meta":"","astra-migrate-meta-layouts":"default","ast-page-background-enabled":"default","ast-page-background-meta":{"desktop":{"background-color":"var(--ast-global-color-5)","background-image":"","background-repeat":"repeat","background-position":"center center","background-size":"auto","background-attachment":"scroll","background-type":"","background-media":"","overlay-type":"","overlay-color":"","overlay-opacity":"","overlay-gradient":""},"tablet":{"background-color":"","background-image":"","background-repeat":"repeat","background-position":"center center","background-size":"auto","background-attachment":"scroll","background-type":"","background-media":"","overlay-type":"","overlay-color":"","overlay-opacity":"","overlay-gradient":""},"mobile":{"background-color":"","background-image":"","background-repeat":"repeat","background-position":"center center","background-size":"auto","background-attachment":"scroll","background-type":"","background-media":"","overlay-type":"","overlay-color":"","overlay-opacity":"","overlay-gradient":""}},"ast-content-background-meta":{"desktop":{"background-color":"var(--ast-global-color-4)","background-image":"","background-repeat":"repeat","background-position":"center center","background-size":"auto","background-attachment":"scroll","background-type":"","background-media":"","overlay-type":"","overlay-color":"","overlay-opacity":"","overlay-gradient":""},"tablet":{"background-color":"var(--ast-global-color-4)","background-image":"","background-repeat":"repeat","background-position":"center center","background-size":"auto","background-attachment":"scroll","background-type":"","background-media":"","overlay-type":"","overlay-color":"","overlay-opacity":"","overlay-gradient":""},"mobile":{"background-color":"var(--ast-global-color-4)","background-image":"","background-repeat":"repeat","background-position":"center center","background-size":"auto","background-attachment":"scroll","background-type":"","background-media":"","overlay-type":"","overlay-color":"","overlay-opacity":"","overlay-gradient":""}},"footnotes":""},"class_list":["post-2418","page","type-page","status-publish","has-post-thumbnail","hentry"],"jetpack_shortlink":"https:\/\/wp.me\/P4WQ0D-D0","jetpack_sharing_enabled":true,"_links":{"self":[{"href":"https:\/\/mtbglucholazy.pl\/index.php?rest_route=\/wp\/v2\/pages\/2418","targetHints":{"allow":["GET"]}}],"collection":[{"href":"https:\/\/mtbglucholazy.pl\/index.php?rest_route=\/wp\/v2\/pages"}],"about":[{"href":"https:\/\/mtbglucholazy.pl\/index.php?rest_route=\/wp\/v2\/types\/page"}],"author":[{"embeddable":true,"href":"https:\/\/mtbglucholazy.pl\/index.php?rest_route=\/wp\/v2\/users\/1"}],"replies":[{"embeddable":true,"href":"https:\/\/mtbglucholazy.pl\/index.php?rest_route=%2Fwp%2Fv2%2Fcomments&post=2418"}],"version-history":[{"count":7,"href":"https:\/\/mtbglucholazy.pl\/index.php?rest_route=\/wp\/v2\/pages\/2418\/revisions"}],"predecessor-version":[{"id":2455,"href":"https:\/\/mtbglucholazy.pl\/index.php?rest_route=\/wp\/v2\/pages\/2418\/revisions\/2455"}],"wp:featuredmedia":[{"embeddable":true,"href":"https:\/\/mtbglucholazy.pl\/index.php?rest_route=\/wp\/v2\/media\/2427"}],"wp:attachment":[{"href":"https:\/\/mtbglucholazy.pl\/index.php?rest_route=%2Fwp%2Fv2%2Fmedia&parent=2418"}],"curies":[{"name":"wp","href":"https:\/\/api.w.org\/{rel}","templated":true}]}}