{"id":2267,"date":"2025-06-05T22:39:14","date_gmt":"2025-06-05T20:39:14","guid":{"rendered":"https:\/\/mtbglucholazy.pl\/?page_id=2267"},"modified":"2025-07-08T22:58:09","modified_gmt":"2025-07-08T20:58:09","slug":"regulamin-2025","status":"publish","type":"page","link":"https:\/\/mtbglucholazy.pl\/?page_id=2267","title":{"rendered":"Regulamin 2025"},"content":{"rendered":"<div style='float:left;margin-right:7px;' class='like-fb'><\/div>\t\t<div data-elementor-type=\"wp-page\" data-elementor-id=\"2267\" class=\"elementor elementor-2267\">\n\t\t\t\t\t\t<section class=\"elementor-section elementor-top-section elementor-element elementor-element-68747a7f elementor-section-boxed elementor-section-height-default elementor-section-height-default\" data-id=\"68747a7f\" data-element_type=\"section\">\n\t\t\t\t\t\t<div class=\"elementor-container elementor-column-gap-default\">\n\t\t\t\t\t<div class=\"elementor-column elementor-col-100 elementor-top-column elementor-element elementor-element-28221aa4\" data-id=\"28221aa4\" data-element_type=\"column\">\n\t\t\t<div class=\"elementor-widget-wrap elementor-element-populated\">\n\t\t\t\t\t\t<div class=\"elementor-element elementor-element-5b095271 elementor-widget elementor-widget-text-editor\" data-id=\"5b095271\" data-element_type=\"widget\" data-widget_type=\"text-editor.default\">\n\t\t\t\t<div class=\"elementor-widget-container\">\n\t\t\t\t\t\t\t\t\t<p><strong><\/strong><\/p>\n<div class=\"wp-block-file\"><strong><a id=\"wp-block-file--media-62d81b48-a2b6-4625-ad33-92ae73591688\" href=\"https:\/\/mtbglucholazy.pl\/wp-content\/uploads\/2025\/06\/Cykloopawy-XC-Puchar-Polski-XCO-UCI-C-2.pdf\">Cykloopawy XC Puchar Polski XCO UCI C 2<\/a><a class=\"wp-block-file__button wp-element-button\" href=\"https:\/\/mtbglucholazy.pl\/wp-content\/uploads\/2025\/06\/Cykloopawy-XC-Puchar-Polski-XCO-UCI-C-2.pdf\" download=\"\" aria-describedby=\"wp-block-file--media-62d81b48-a2b6-4625-ad33-92ae73591688\">Pobierz<\/a><\/strong><\/div>\n<p><strong><\/strong><\/p>\n<div class=\"wp-block-file\"><strong><a id=\"wp-block-file--media-2e795be4-ae16-4ba0-934e-557ab7753ac1\" href=\"https:\/\/mtbglucholazy.pl\/wp-content\/uploads\/2025\/06\/Gold-HILL-MTB-Maraton-Glucholazy.pdf\">Gold HILL MTB Maraton G\u0142ucho\u0142azy<\/a><a class=\"wp-block-file__button wp-element-button\" href=\"https:\/\/mtbglucholazy.pl\/wp-content\/uploads\/2025\/06\/Gold-HILL-MTB-Maraton-Glucholazy.pdf\" download=\"\" aria-describedby=\"wp-block-file--media-2e795be4-ae16-4ba0-934e-557ab7753ac1\">Pobierz<\/a><\/strong><\/div>\n<p><strong><\/strong><\/p>\n<div class=\"wp-block-file\"><strong><a id=\"wp-block-file--media-d30d7c92-3348-4218-82c7-f628404d3f5e\" href=\"https:\/\/mtbglucholazy.pl\/wp-content\/uploads\/2025\/06\/Miedzywojewodzkie-Mistrzostwa-Mlodzikow-Glucholazy-2025.pdf\">Miedzywojew\u00f3dzkie Mistrzostwa M\u0142odzik\u00f3w G\u0142ucho\u0142azy 2025<\/a><a class=\"wp-block-file__button wp-element-button\" href=\"https:\/\/mtbglucholazy.pl\/wp-content\/uploads\/2025\/06\/Miedzywojewodzkie-Mistrzostwa-Mlodzikow-Glucholazy-2025.pdf\" download=\"\" aria-describedby=\"wp-block-file--media-d30d7c92-3348-4218-82c7-f628404d3f5e\">Pobierz<\/a><\/strong><\/div>\n<p><strong><\/strong><\/p>\n<div class=\"wp-block-file\"><strong><a id=\"wp-block-file--media-3f7997b6-1a8d-4f69-ab63-398fadd512e5\" href=\"https:\/\/mtbglucholazy.pl\/wp-content\/uploads\/2025\/06\/Mistrzosywa-Opolszczyzny-w-MTB.pdf\">Mistrzosywa Opolszczyzny w MTB<\/a><a class=\"wp-block-file__button wp-element-button\" href=\"https:\/\/mtbglucholazy.pl\/wp-content\/uploads\/2025\/06\/Mistrzosywa-Opolszczyzny-w-MTB.pdf\" download=\"\" aria-describedby=\"wp-block-file--media-3f7997b6-1a8d-4f69-ab63-398fadd512e5\">Pobierz<\/a><\/strong><\/div>\n<p><strong><\/strong><\/p>\n<div class=\"wp-block-file\"><strong><a id=\"wp-block-file--media-fc26c258-a4b2-460e-bc43-55d5d82f05b6\" href=\"https:\/\/mtbglucholazy.pl\/wp-content\/uploads\/2025\/06\/JBG-2-Short-Track.pdf\">JBG &#8211; 2 Short Track<\/a><a class=\"wp-block-file__button wp-element-button\" href=\"https:\/\/mtbglucholazy.pl\/wp-content\/uploads\/2025\/06\/JBG-2-Short-Track.pdf\" download=\"\" aria-describedby=\"wp-block-file--media-fc26c258-a4b2-460e-bc43-55d5d82f05b6\">Pobierz<\/a><\/strong><\/div>\n<p><strong><\/strong><\/p>\t\t\t\t\t\t\t\t<\/div>\n\t\t\t\t<\/div>\n\t\t\t\t\t<\/div>\n\t\t<\/div>\n\t\t\t\t\t<\/div>\n\t\t<\/section>\n\t\t\t\t<\/div>\n\t\t","protected":false},"excerpt":{"rendered":"","protected":false},"author":1,"featured_media":0,"parent":0,"menu_order":0,"comment_status":"closed","ping_status":"closed","template":"","meta":{"site-sidebar-layout":"default","site-content-layout":"","ast-site-content-layout":"default","site-content-style":"default","site-sidebar-style":"default","ast-global-header-display":"","ast-banner-title-visibility":"","ast-main-header-display":"","ast-hfb-above-header-display":"","ast-hfb-below-header-display":"","ast-hfb-mobile-header-display":"","site-post-title":"","ast-breadcrumbs-content":"","ast-featured-img":"","footer-sml-layout":"","theme-transparent-header-meta":"","adv-header-id-meta":"","stick-header-meta":"","header-above-stick-meta":"","header-main-stick-meta":"","header-below-stick-meta":"","astra-migrate-meta-layouts":"default","ast-page-background-enabled":"default","ast-page-background-meta":{"desktop":{"background-color":"var(--ast-global-color-5)","background-image":"","background-repeat":"repeat","background-position":"center center","background-size":"auto","background-attachment":"scroll","background-type":"","background-media":"","overlay-type":"","overlay-color":"","overlay-opacity":"","overlay-gradient":""},"tablet":{"background-color":"","background-image":"","background-repeat":"repeat","background-position":"center center","background-size":"auto","background-attachment":"scroll","background-type":"","background-media":"","overlay-type":"","overlay-color":"","overlay-opacity":"","overlay-gradient":""},"mobile":{"background-color":"","background-image":"","background-repeat":"repeat","background-position":"center center","background-size":"auto","background-attachment":"scroll","background-type":"","background-media":"","overlay-type":"","overlay-color":"","overlay-opacity":"","overlay-gradient":""}},"ast-content-background-meta":{"desktop":{"background-color":"var(--ast-global-color-4)","background-image":"","background-repeat":"repeat","background-position":"center center","background-size":"auto","background-attachment":"scroll","background-type":"","background-media":"","overlay-type":"","overlay-color":"","overlay-opacity":"","overlay-gradient":""},"tablet":{"background-color":"var(--ast-global-color-4)","background-image":"","background-repeat":"repeat","background-position":"center center","background-size":"auto","background-attachment":"scroll","background-type":"","background-media":"","overlay-type":"","overlay-color":"","overlay-opacity":"","overlay-gradient":""},"mobile":{"background-color":"var(--ast-global-color-4)","background-image":"","background-repeat":"repeat","background-position":"center center","background-size":"auto","background-attachment":"scroll","background-type":"","background-media":"","overlay-type":"","overlay-color":"","overlay-opacity":"","overlay-gradient":""}},"footnotes":""},"class_list":["post-2267","page","type-page","status-publish","hentry"],"jetpack_shortlink":"https:\/\/wp.me\/P4WQ0D-Az","jetpack_sharing_enabled":true,"_links":{"self":[{"href":"https:\/\/mtbglucholazy.pl\/index.php?rest_route=\/wp\/v2\/pages\/2267","targetHints":{"allow":["GET"]}}],"collection":[{"href":"https:\/\/mtbglucholazy.pl\/index.php?rest_route=\/wp\/v2\/pages"}],"about":[{"href":"https:\/\/mtbglucholazy.pl\/index.php?rest_route=\/wp\/v2\/types\/page"}],"author":[{"embeddable":true,"href":"https:\/\/mtbglucholazy.pl\/index.php?rest_route=\/wp\/v2\/users\/1"}],"replies":[{"embeddable":true,"href":"https:\/\/mtbglucholazy.pl\/index.php?rest_route=%2Fwp%2Fv2%2Fcomments&post=2267"}],"version-history":[{"count":4,"href":"https:\/\/mtbglucholazy.pl\/index.php?rest_route=\/wp\/v2\/pages\/2267\/revisions"}],"predecessor-version":[{"id":2347,"href":"https:\/\/mtbglucholazy.pl\/index.php?rest_route=\/wp\/v2\/pages\/2267\/revisions\/2347"}],"wp:attachment":[{"href":"https:\/\/mtbglucholazy.pl\/index.php?rest_route=%2Fwp%2Fv2%2Fmedia&parent=2267"}],"curies":[{"name":"wp","href":"https:\/\/api.w.org\/{rel}","templated":true}]}}