{"id":1364,"date":"2019-03-31T06:13:50","date_gmt":"2019-03-31T04:13:50","guid":{"rendered":"http:\/\/mtbglucholazy.pl\/?page_id=1364"},"modified":"2025-05-28T11:34:59","modified_gmt":"2025-05-28T09:34:59","slug":"trasa-maraton","status":"publish","type":"page","link":"https:\/\/mtbglucholazy.pl\/?page_id=1364","title":{"rendered":"Trasa &#8211; Maraton"},"content":{"rendered":"<div style='float:left;margin-right:7px;' class='like-fb'><\/div><p><strong>Dystanse<\/strong><strong>\u00a0<\/strong><\/p>\n<p><strong>Zabawa rowerowa\u00a0 &#8211; 200m, 400m i 800 m 1200m Wi\u0119cej &#8211; Maraton dla dzieci<\/strong><br \/>\n<strong>Dystans<\/strong>e <strong>FUN &#8211;<\/strong> 18 km,\u00a0<strong>CLASSIC<\/strong> \u2013 23 km, <strong>MEGA<\/strong>&#8211; 46 km, <strong>GIGA <\/strong>\u2013 70 km.<br \/>\nMaraton zostanie przeprowadzony na trasach okr\u0119\u017cnych po stoku G\u00f3ry Parkowej . Mapy trasy udost\u0119pnione przez Organizatora na stronie internetowej i biurze zawod\u00f3w przed startem.<br \/>\nOrganizator przygotuje trasy o r\u00f3\u017cnym stopniu trudno\u015bci.<\/p>\n<p>Wyb\u00f3r dystansu dokonujemy w trakcie zapis\u00f3w. Zawodnik nie b\u0119dzie klasyfikowany na innym dystansie ni\u017c zadeklarowany w procesie rejestracji. Mo\u017cliwo\u015b\u0107 zmiany dystansu do momentu odbioru numeru startowego.<\/p>\n<ul>\n<li><strong>FUN<\/strong> \u2013 I runda \u2013 (Trasa w du\u017cej cz\u0119\u015bci po drogach szutowyci, bez wymagaj\u0105cego podjazd i zjazdu na G\u00f3r\u0119 Chrobrego o d\u0142ugo\u015bci ok. 18 km i sumie przewy\u017csze\u0144 ok. 480 m.)<\/li>\n<\/ul>\n<ul>\n<li><strong>CLASSIC<\/strong> \u2013 I runda\u00a0 \u2013 (Trasa bez wymagaj\u0105cego podjazd i zjazdu na G\u00f3r\u0119 Chrobrego o d\u0142ugo\u015bci ok. 23 km i sumie przewy\u017csze\u0144 ok. 600 m.)<\/li>\n<li><strong>MEGA<\/strong> \u2013 II rundy \u2013 46 km.<\/li>\n<li><strong>GIGA<\/strong> \u2013 III rundy \u2013 ok. 70 km.<\/li>\n<\/ul>\n<p>Na trasie b\u0119d\u0105 zlokalizowane punkty kontrolne. Omini\u0119cie min. jednego punktu kontrolnego b\u0119dzie karane dyskwalifikacj\u0105.<br \/>\nTrasa b\u0119dzie oznakowana, na sta\u0142e zabezpieczona przez obs\u0142ug\u0119 zawod\u00f3w i ratownik\u00f3w medycznych.<br \/>\nNa trasie Maratonu b\u0119d\u0105 znajdowa\u0142y si\u0119 punkty \u017cywieniowe ( Bufety) oraz dodatkowy na mecie zawod\u00f3w.<br \/>\nSklasyfikowanie zawodnika na ka\u017cdym z dystans\u00f3w b\u0119dzie ograniczone limitem czasu wjazdu na met\u0119. Je\u015bli nie zostanie ustalony inny limit, to obowi\u0105zuj\u0105cym jest godz. 17.00. Po up\u0142yni\u0119ciu limitu czasu, zawodnicy ko\u0144cz\u0105cy poszczeg\u00f3lne dystanse nie zostan\u0105 uj\u0119ci w klasyfikacji maratonu.<\/p>\n<p>W sytuacjach szczeg\u00f3lnych Organizator zastrzega sobie prawo wprowadzenia limitu czasu przejazdu w okre\u015blonych punktach kontrolnych trasy maratonu oraz do przesuni\u0119cia czasu zamkni\u0119cia trasy.<br \/>\n<strong>Zawodnicy podczas wy\u015bcigu zobowi\u0105zani s\u0105 do przestrzegania niniejszego regulaminu oraz obowi\u0105zuj\u0105cych na dzie\u0144 zawod\u00f3w przepis\u00f3w sanitarnych. Odnoszenia si\u0119 z nale\u017cytym szacunkiem do innych uczestnik\u00f3w zawod\u00f3w, s\u0119dzi\u00f3w, organizator\u00f3w, s\u0142u\u017cb porz\u0105dkowych oraz medycznych na trasie maratonu, przestrzegania zasad fair play i poszanowania \u015brodowiska naturalnego.<\/strong><\/p>\n<p><strong>Na trasie i w jej pobli\u017cu zabrania si\u0119 u\u017cywania pojemnik\u00f3w szklanych i innych przedmiot\u00f3w stanowi\u0105cych zagro\u017cenie dla \u017cycia i zdrowia zawodnik\u00f3w lub kibic\u00f3w.<\/strong><\/p>\n","protected":false},"excerpt":{"rendered":"<p>Dystanse\u00a0 Zabawa rowerowa\u00a0 &#8211; 200m, 400m i 800 m 1200m Wi\u0119cej &#8211; Maraton dla dzieci Dystanse FUN &#8211; 18 km,\u00a0CLASSIC [&hellip;]<\/p>\n","protected":false},"author":1,"featured_media":0,"parent":0,"menu_order":0,"comment_status":"closed","ping_status":"closed","template":"","meta":{"site-sidebar-layout":"default","site-content-layout":"","ast-site-content-layout":"default","site-content-style":"default","site-sidebar-style":"default","ast-global-header-display":"","ast-banner-title-visibility":"","ast-main-header-display":"","ast-hfb-above-header-display":"","ast-hfb-below-header-display":"","ast-hfb-mobile-header-display":"","site-post-title":"","ast-breadcrumbs-content":"","ast-featured-img":"","footer-sml-layout":"","theme-transparent-header-meta":"","adv-header-id-meta":"","stick-header-meta":"","header-above-stick-meta":"","header-main-stick-meta":"","header-below-stick-meta":"","astra-migrate-meta-layouts":"default","ast-page-background-enabled":"default","ast-page-background-meta":{"desktop":{"background-color":"var(--ast-global-color-5)","background-image":"","background-repeat":"repeat","background-position":"center center","background-size":"auto","background-attachment":"scroll","background-type":"","background-media":"","overlay-type":"","overlay-color":"","overlay-opacity":"","overlay-gradient":""},"tablet":{"background-color":"","background-image":"","background-repeat":"repeat","background-position":"center center","background-size":"auto","background-attachment":"scroll","background-type":"","background-media":"","overlay-type":"","overlay-color":"","overlay-opacity":"","overlay-gradient":""},"mobile":{"background-color":"","background-image":"","background-repeat":"repeat","background-position":"center center","background-size":"auto","background-attachment":"scroll","background-type":"","background-media":"","overlay-type":"","overlay-color":"","overlay-opacity":"","overlay-gradient":""}},"ast-content-background-meta":{"desktop":{"background-color":"var(--ast-global-color-4)","background-image":"","background-repeat":"repeat","background-position":"center center","background-size":"auto","background-attachment":"scroll","background-type":"","background-media":"","overlay-type":"","overlay-color":"","overlay-opacity":"","overlay-gradient":""},"tablet":{"background-color":"var(--ast-global-color-4)","background-image":"","background-repeat":"repeat","background-position":"center center","background-size":"auto","background-attachment":"scroll","background-type":"","background-media":"","overlay-type":"","overlay-color":"","overlay-opacity":"","overlay-gradient":""},"mobile":{"background-color":"var(--ast-global-color-4)","background-image":"","background-repeat":"repeat","background-position":"center center","background-size":"auto","background-attachment":"scroll","background-type":"","background-media":"","overlay-type":"","overlay-color":"","overlay-opacity":"","overlay-gradient":""}},"footnotes":""},"class_list":["post-1364","page","type-page","status-publish","hentry"],"jetpack_shortlink":"https:\/\/wp.me\/P4WQ0D-m0","jetpack_sharing_enabled":true,"_links":{"self":[{"href":"https:\/\/mtbglucholazy.pl\/index.php?rest_route=\/wp\/v2\/pages\/1364","targetHints":{"allow":["GET"]}}],"collection":[{"href":"https:\/\/mtbglucholazy.pl\/index.php?rest_route=\/wp\/v2\/pages"}],"about":[{"href":"https:\/\/mtbglucholazy.pl\/index.php?rest_route=\/wp\/v2\/types\/page"}],"author":[{"embeddable":true,"href":"https:\/\/mtbglucholazy.pl\/index.php?rest_route=\/wp\/v2\/users\/1"}],"replies":[{"embeddable":true,"href":"https:\/\/mtbglucholazy.pl\/index.php?rest_route=%2Fwp%2Fv2%2Fcomments&post=1364"}],"version-history":[{"count":5,"href":"https:\/\/mtbglucholazy.pl\/index.php?rest_route=\/wp\/v2\/pages\/1364\/revisions"}],"predecessor-version":[{"id":2260,"href":"https:\/\/mtbglucholazy.pl\/index.php?rest_route=\/wp\/v2\/pages\/1364\/revisions\/2260"}],"wp:attachment":[{"href":"https:\/\/mtbglucholazy.pl\/index.php?rest_route=%2Fwp%2Fv2%2Fmedia&parent=1364"}],"curies":[{"name":"wp","href":"https:\/\/api.w.org\/{rel}","templated":true}]}}