{"id":1360,"date":"2019-03-31T06:12:25","date_gmt":"2019-03-31T04:12:25","guid":{"rendered":"http:\/\/mtbglucholazy.pl\/?page_id=1360"},"modified":"2019-03-31T06:12:25","modified_gmt":"2019-03-31T04:12:25","slug":"bufet-maraton","status":"publish","type":"page","link":"https:\/\/mtbglucholazy.pl\/?page_id=1360","title":{"rendered":"Bufet &#8211; Maraton"},"content":{"rendered":"<div style='float:left;margin-right:7px;' class='like-fb'><\/div><p>Ka\u017cdy z zawodnik\u00f3w mo\u017ce korzysta\u0107 z bufet\u00f3w regeneracyjnych ustawionych na trasie wy\u015bcigu.<br \/>\nKa\u017cdy bufet b\u0119dzie zaopatrzony w napoje izotoniczne, wod\u0119, batony, owoce, ciasta, itp.<br \/>\nPrzy ka\u017cdym bufecie znajdzie si\u0119 punkt techniczny, wyposa\u017cony w podstawowe narz\u0119dzia umo\u017cliwiaj\u0105ce podstawow\u0105 samodzieln\u0105 napraw\u0119 roweru. Po przejechaniu mety b\u0119dziecie mogli zje\u015b\u0107 porz\u0105dny, ciep\u0142y posi\u0142ek.<\/p>\n<figure id=\"attachment_98\" aria-describedby=\"caption-attachment-98\" style=\"width: 3072px\" class=\"wp-caption alignnone\"><img fetchpriority=\"high\" decoding=\"async\" class=\"wp-image-98 size-full\" src=\"http:\/\/mtbglucholazy.pl\/maraton\/wp-content\/uploads\/2016\/02\/BUFET.jpg\" alt=\"BUFET\" width=\"3072\" height=\"1728\" \/><figcaption id=\"caption-attachment-98\" class=\"wp-caption-text\">zdj. Anna Rudnicka<\/figcaption><\/figure>\n","protected":false},"excerpt":{"rendered":"<p>Ka\u017cdy z zawodnik\u00f3w mo\u017ce korzysta\u0107 z bufet\u00f3w regeneracyjnych ustawionych na trasie wy\u015bcigu. Ka\u017cdy bufet b\u0119dzie zaopatrzony w napoje izotoniczne, wod\u0119, [&hellip;]<\/p>\n","protected":false},"author":1,"featured_media":0,"parent":0,"menu_order":0,"comment_status":"closed","ping_status":"closed","template":"","meta":{"site-sidebar-layout":"default","site-content-layout":"","ast-site-content-layout":"default","site-content-style":"default","site-sidebar-style":"default","ast-global-header-display":"","ast-banner-title-visibility":"","ast-main-header-display":"","ast-hfb-above-header-display":"","ast-hfb-below-header-display":"","ast-hfb-mobile-header-display":"","site-post-title":"","ast-breadcrumbs-content":"","ast-featured-img":"","footer-sml-layout":"","theme-transparent-header-meta":"","adv-header-id-meta":"","stick-header-meta":"","header-above-stick-meta":"","header-main-stick-meta":"","header-below-stick-meta":"","astra-migrate-meta-layouts":"default","ast-page-background-enabled":"default","ast-page-background-meta":{"desktop":{"background-color":"var(--ast-global-color-5)","background-image":"","background-repeat":"repeat","background-position":"center center","background-size":"auto","background-attachment":"scroll","background-type":"","background-media":"","overlay-type":"","overlay-color":"","overlay-opacity":"","overlay-gradient":""},"tablet":{"background-color":"","background-image":"","background-repeat":"repeat","background-position":"center center","background-size":"auto","background-attachment":"scroll","background-type":"","background-media":"","overlay-type":"","overlay-color":"","overlay-opacity":"","overlay-gradient":""},"mobile":{"background-color":"","background-image":"","background-repeat":"repeat","background-position":"center center","background-size":"auto","background-attachment":"scroll","background-type":"","background-media":"","overlay-type":"","overlay-color":"","overlay-opacity":"","overlay-gradient":""}},"ast-content-background-meta":{"desktop":{"background-color":"var(--ast-global-color-4)","background-image":"","background-repeat":"repeat","background-position":"center center","background-size":"auto","background-attachment":"scroll","background-type":"","background-media":"","overlay-type":"","overlay-color":"","overlay-opacity":"","overlay-gradient":""},"tablet":{"background-color":"var(--ast-global-color-4)","background-image":"","background-repeat":"repeat","background-position":"center center","background-size":"auto","background-attachment":"scroll","background-type":"","background-media":"","overlay-type":"","overlay-color":"","overlay-opacity":"","overlay-gradient":""},"mobile":{"background-color":"var(--ast-global-color-4)","background-image":"","background-repeat":"repeat","background-position":"center center","background-size":"auto","background-attachment":"scroll","background-type":"","background-media":"","overlay-type":"","overlay-color":"","overlay-opacity":"","overlay-gradient":""}},"footnotes":""},"class_list":["post-1360","page","type-page","status-publish","hentry"],"jetpack_shortlink":"https:\/\/wp.me\/P4WQ0D-lW","jetpack_sharing_enabled":true,"_links":{"self":[{"href":"https:\/\/mtbglucholazy.pl\/index.php?rest_route=\/wp\/v2\/pages\/1360","targetHints":{"allow":["GET"]}}],"collection":[{"href":"https:\/\/mtbglucholazy.pl\/index.php?rest_route=\/wp\/v2\/pages"}],"about":[{"href":"https:\/\/mtbglucholazy.pl\/index.php?rest_route=\/wp\/v2\/types\/page"}],"author":[{"embeddable":true,"href":"https:\/\/mtbglucholazy.pl\/index.php?rest_route=\/wp\/v2\/users\/1"}],"replies":[{"embeddable":true,"href":"https:\/\/mtbglucholazy.pl\/index.php?rest_route=%2Fwp%2Fv2%2Fcomments&post=1360"}],"version-history":[{"count":1,"href":"https:\/\/mtbglucholazy.pl\/index.php?rest_route=\/wp\/v2\/pages\/1360\/revisions"}],"predecessor-version":[{"id":1361,"href":"https:\/\/mtbglucholazy.pl\/index.php?rest_route=\/wp\/v2\/pages\/1360\/revisions\/1361"}],"wp:attachment":[{"href":"https:\/\/mtbglucholazy.pl\/index.php?rest_route=%2Fwp%2Fv2%2Fmedia&parent=1360"}],"curies":[{"name":"wp","href":"https:\/\/api.w.org\/{rel}","templated":true}]}}