{"id":1358,"date":"2019-03-31T06:11:47","date_gmt":"2019-03-31T04:11:47","guid":{"rendered":"http:\/\/mtbglucholazy.pl\/?page_id=1358"},"modified":"2025-05-28T10:43:24","modified_gmt":"2025-05-28T08:43:24","slug":"maraton-dla-dzieci","status":"publish","type":"page","link":"https:\/\/mtbglucholazy.pl\/?page_id=1358","title":{"rendered":"Maraton dla dzieci"},"content":{"rendered":"<div style='float:left;margin-right:7px;' class='like-fb'><\/div><h1 align=\"center\"><\/h1>\n<h1 class=\"western\" align=\"center\"><span style=\"font-family: 'Comic Sans MS', cursive;\"><span lang=\"en-US\"><i>Reg<\/i><\/span><\/span><span style=\"font-family: 'Comic Sans MS', cursive;\"><span lang=\"en-US\"><i>u<\/i><\/span><\/span><span style=\"font-family: 'Comic Sans MS', cursive;\"><span lang=\"en-US\"><i>lamin<\/i><\/span><\/span><\/h1>\n<h1 class=\"western\" align=\"center\"><span style=\"font-family: 'Comic Sans MS', cursive;\"><span style=\"font-size: large;\"><span lang=\"en-US\"><i>Wy\u015bcigi rowerowe dla dzieci w ramach Gold Hill MTB Maraton G\u0142ucho\u0142azy 2025.<\/i><\/span><\/span><\/span><\/h1>\n<p class=\"western\" align=\"justify\"><span style=\"font-family: 'Comic Sans MS', cursive;\"><i><b>I. Cel;<\/b><\/i><\/span><\/p>\n<ul>\n<li>\n<p class=\"western\" align=\"justify\">Popularyzacja kolarstwa i rekreacji ruchowej,<\/p>\n<\/li>\n<li>\n<p class=\"western\" align=\"justify\">Poprawa kondycji fizycznej poprzez aktywny wypoczynek,<\/p>\n<\/li>\n<li>\n<p class=\"western\" align=\"justify\">Promocja Gminy G\u0142ucho\u0142azy. Powiatu Nyskiego i Wojew\u00f3dztwa Opolskiego,<\/p>\n<\/li>\n<li>\n<p class=\"western\" align=\"justify\">Po\u0142\u0105czenie sportowej rywalizacji z rekreacj\u0105 i zabaw\u0105,<\/p>\n<\/li>\n<li>\n<p class=\"western\" align=\"justify\">Wy\u0142onienie najlepszych zawodnik\u00f3w w poszczeg\u00f3lnych grupach wiekowych<\/p>\n<\/li>\n<li>\n<p class=\"western\" align=\"justify\">Promowanie sportu w\u015br\u00f3d najm\u0142odszych.<\/p>\n<\/li>\n<\/ul>\n<p class=\"western\" align=\"justify\"><span style=\"font-family: 'Comic Sans MS', cursive;\"><i><b>II. Organizator:<\/b><\/i><\/span><\/p>\n<p align=\"justify\">Opolski Zwi\u0105zek Kolarski, ul. Damrota 6, 45-064 Opole.<\/p>\n<p><strong>Partnerem organizacyjnym wy\u015bcigu jest:<\/strong> Klub Turystyki Kolarskiej KTUKOL G\u0142ucho\u0142azy<\/p>\n<p><strong><em>Odpowiedzialnym za organizacj\u0119 wy\u015bcigu jest: <\/em><\/strong>Dyrektor Wy\u015bcigu \u2013 Tomasz Rudnicki OZKOL Opole tel. 737488439<\/p>\n<p class=\"western\" align=\"justify\"><span style=\"font-family: 'Comic Sans MS', cursive;\"><i><b>III. Opis, miejsce i termin:<\/b><\/i><\/span><\/p>\n<p class=\"western\" align=\"justify\">Start dzieci ma charakter zabawy po\u0142\u0105czonej ze sportowa rywalizacj\u0105. Zawody zostan\u0105 rozegrane w ramach zawod\u00f3w Gold Hill MTB Maraton G\u0142ucho\u0142azy 2025.<\/p>\n<p class=\"western\" align=\"justify\">Start \/Meta G\u0142ucho\u0142azy ul. Jana Paw\u0142a II ( na wysoko\u015bci Hotelu Sudety)<\/p>\n<p class=\"western\" align=\"justify\">Starty w poszczeg\u00f3lnych kategoriach rozpoczn\u0105 si\u0119 15 min po startach w wy\u015bcigu g\u0142\u00f3wnym ok. godz. 12:40.<\/p>\n<p class=\"western\" align=\"justify\">Dekoracja godz. 15:00 Amorek G\u0142ucho\u0142azy Zdr\u00f3j.<\/p>\n<p class=\"western\" align=\"justify\"><span style=\"font-family: 'Comic Sans MS', cursive;\"><i><b>IV. Kategorie wiekowe i nagrody:<\/b><\/i><\/span><\/p>\n<p class=\"western\" align=\"justify\">W zale\u017cno\u015bci od ilo\u015bci zg\u0142oszonych dzieci, organizator podzieli je na nast\u0119puj\u0105ce kategorie:<\/p>\n<p>I. Zabawa rowerowa \u2013 dystans 200 m \u2013 dzieci w wieku do 5 lat w\u0142\u0105cznie.<\/p>\n<p>II. Zabawa rowerowa \u2013 dystans 400 m \u2013 dzieci w wieku do 6-7 lat w\u0142\u0105cznie.<\/p>\n<p>III. Zabawa rowerowa \u2013 dystans 800 m \u2013 dzieci w wieku 8-10 lat w\u0142\u0105cznie.<\/p>\n<p>IV. Zabawa rowerowa &#8211; dystans 1200m &#8211; dzieci w wieku 11-13 lat w\u0142\u0105cznie<\/p>\n<p class=\"western\" align=\"justify\"><span style=\"font-family: 'Comic Sans MS', cursive;\"><i><b>Trasa i dystans:<\/b><\/i><\/span><\/p>\n<ul>\n<li>\n<p class=\"western\">Trasa dzieci\u0119cego maratonu, znajdowa\u0107 si\u0119 b\u0119dzie na terenie miasteczka sportowego Gold Hill MTB Maraton G\u0142ucho\u0142azy 2025\u00a0 na wysoko\u015bci hotelu Sudety oraz w jego bliskiej okolicy, w odpowiednio oznaczonym obszarze,<\/p>\n<\/li>\n<li>Organizator b\u0119dzie modyfikowa\u0142 d\u0142ugo\u015b\u0107 trasy, w zale\u017cno\u015bci od wieku dzieci oraz warunk\u00f3w atmosferycznych panuj\u0105cych w dniu wy\u015bcigu.<\/li>\n<\/ul>\n<p class=\"western\" align=\"justify\"><span style=\"font-family: 'Comic Sans MS', cursive;\"><i><b>V. Warunki uczestnictwa:<\/b><\/i><\/span><\/p>\n<ul>\n<li>Start w zabawie rowerowej jest bezp\u0142atny. Konieczna jest rejestracja w biurze zawod\u00f3w i odebranie numeru startowego bezzwrotnego stanowi\u0105ce pami\u0105tk\u0119 dla dziecka.<\/li>\n<li>\n<p align=\"justify\">Do startu w imprezie dopuszczane s\u0105 dzieci pod sta\u0142\u0105 opiek\u0105 rodzic\u00f3w lub opiekun\u00f3w prawnych.<\/p>\n<\/li>\n<li>Wymagany kask sztywny.<\/li>\n<li>\n<p align=\"justify\">Start w dzieci\u0119cym wy\u015bcigu mo\u017cliwy jest na dowolnym rowerze (bez wspomagania), organizator zaleca jednak w grupie wiekowej II i III\u00a0 i IV rowery MTB lub corossowe.<\/p>\n<\/li>\n<\/ul>\n<p class=\"western\" align=\"justify\"><span style=\"font-family: 'Comic Sans MS', cursive;\"><i><b>VI. \u015awiadczenia<\/b><\/i><\/span><\/p>\n<p class=\"western\" align=\"justify\">\u00a0Wszystkim uczestnikom dzieci\u0119cego maratonu wr\u0119czone zostan\u0105 medale oraz pami\u0105tkowe, imienne dyplomy\u00a0 uczestnictwa.<\/p>\n<p class=\"western\"><span style=\"font-family: 'Comic Sans MS', cursive;\"><i><b>VIII. Zg\u0142oszenia:<\/b><\/i><\/span><\/p>\n<ul>\n<li>Zapisy dla dzieci s\u0105 bezp\u0142atne i odbywa\u0107 si\u0119 b\u0119d\u0105 w dniu zawod\u00f3w w godz. 09:00 &#8211; 12:00.<\/li>\n<li>Opiekunowie, kt\u00f3rzy zg\u0142osz\u0105 dziecko do wy\u015bcigu, tym samym o\u015bwiadczaj\u0105, \u017ce akceptuj\u0105 postanowienia niniejszego regulaminu i zobowi\u0105zuj\u0105 si\u0119 do jego przestrzegania, wyra\u017caj\u0105 zgod\u0119 na przetwarzanie danych osobowych uczestnika (dziecka) przez Opolski Zwi\u0105zek Kolarski i podmioty z nim wsp\u00f3\u0142pracuj\u0105ce przy organizacji zawod\u00f3w, zgodnie z polityk\u0105 bezpiecze\u0144stwa Opolskiego Zwi\u0105zku Kolarskiego, wyra\u017caj\u0105 zgod\u0119, aby zdj\u0119cia, nagrania filmowe oraz wywiady z uczestnikiem, a tak\u017ce wyniki z jego danymi osobowymi mog\u0142y by\u0107 wykorzystane przez pras\u0119, radio i telewizj\u0119 a tak\u017ce w celach marketingowych Organizatora i sponsor\u00f3w.<\/li>\n<\/ul>\n<p class=\"western\" align=\"justify\"><span style=\"font-family: 'Comic Sans MS', cursive;\"><i><b>IX. Postanowienia ko\u0144cowe:<\/b><\/i><\/span><\/p>\n<ul>\n<li>\n<p class=\"western\">Organizatorzy nie ubezpieczaj\u0105 uczestnik\u00f3w od nast\u0119pstw nieszcz\u0119\u015bliwych wypadk\u00f3w.<\/p>\n<\/li>\n<li>\n<p class=\"western\">Organizatorzy nie ponosz\u0105 odpowiedzialno\u015bci za szkody wyrz\u0105dzone osobom trzecim przez uczestnik\u00f3w imprezy.<\/p>\n<\/li>\n<li>\n<p class=\"western\">Wy\u015bcig odb\u0119dzie si\u0119 bez wzgl\u0119du na pogod\u0119.<\/p>\n<\/li>\n<li>\n<p class=\"western\">Dzieci startuj\u0105 w zawodach wy\u0142\u0105cznie w kaskach rowerowych,<\/p>\n<\/li>\n<li>\n<p class=\"western\">Udzia\u0142 dzieci bez opieki rodzic\u00f3w b\u0105d\u017a opiekun\u00f3w prawnych, jest zabroniony,<\/p>\n<\/li>\n<li>\n<p class=\"western\">Pomoc rodzic\u00f3w lub opiekun\u00f3w prawnych w grupie I jest jak najbardziej wskazana ale oparta na zasadach \u201efair play\u201d,<\/p>\n<\/li>\n<li>\n<p class=\"western\">W Grupie II i III zabrania si\u0119 stania rodzic\u00f3w\/opiekun\u00f3w w korytarzu startowym przeznaczonym na wy\u015bcig,<\/p>\n<\/li>\n<li>\n<p class=\"western\" align=\"justify\">Interpretacja regulaminu nale\u017cy wy\u0142\u0105cznie do organizatora<\/p>\n<\/li>\n<li>\n<p class=\"western\" align=\"justify\">Organizator zastrzega sobie prawo zmiany w niniejszym regulaminie.<\/p>\n<\/li>\n<li>\n<p class=\"western\" align=\"justify\">Informacje o ewentualnych zmianach przeka\u017ce spiker prowadz\u0105cy wy\u015bcig.<\/p>\n<\/li>\n<\/ul>\n<p class=\"western\" style=\"text-align: center;\" align=\"justify\"><b>ORGANIZATOR<\/b><\/p>\n<p style=\"text-align: center;\" align=\"justify\">Opolski Zwi\u0105zek Kolarski,<\/p>\n<p style=\"text-align: center;\" align=\"justify\">ul. Damrota 6, 45-064 Opole<\/p>\n<p align=\"justify\">\n<p align=\"justify\">\n","protected":false},"excerpt":{"rendered":"<p>Regulamin Wy\u015bcigi rowerowe dla dzieci w ramach Gold Hill MTB Maraton G\u0142ucho\u0142azy 2025. I. Cel; Popularyzacja kolarstwa i rekreacji ruchowej, [&hellip;]<\/p>\n","protected":false},"author":1,"featured_media":0,"parent":0,"menu_order":0,"comment_status":"closed","ping_status":"closed","template":"","meta":{"site-sidebar-layout":"default","site-content-layout":"","ast-site-content-layout":"default","site-content-style":"default","site-sidebar-style":"default","ast-global-header-display":"","ast-banner-title-visibility":"","ast-main-header-display":"","ast-hfb-above-header-display":"","ast-hfb-below-header-display":"","ast-hfb-mobile-header-display":"","site-post-title":"","ast-breadcrumbs-content":"","ast-featured-img":"","footer-sml-layout":"","theme-transparent-header-meta":"","adv-header-id-meta":"","stick-header-meta":"","header-above-stick-meta":"","header-main-stick-meta":"","header-below-stick-meta":"","astra-migrate-meta-layouts":"default","ast-page-background-enabled":"default","ast-page-background-meta":{"desktop":{"background-color":"var(--ast-global-color-5)","background-image":"","background-repeat":"repeat","background-position":"center center","background-size":"auto","background-attachment":"scroll","background-type":"","background-media":"","overlay-type":"","overlay-color":"","overlay-opacity":"","overlay-gradient":""},"tablet":{"background-color":"","background-image":"","background-repeat":"repeat","background-position":"center center","background-size":"auto","background-attachment":"scroll","background-type":"","background-media":"","overlay-type":"","overlay-color":"","overlay-opacity":"","overlay-gradient":""},"mobile":{"background-color":"","background-image":"","background-repeat":"repeat","background-position":"center center","background-size":"auto","background-attachment":"scroll","background-type":"","background-media":"","overlay-type":"","overlay-color":"","overlay-opacity":"","overlay-gradient":""}},"ast-content-background-meta":{"desktop":{"background-color":"var(--ast-global-color-4)","background-image":"","background-repeat":"repeat","background-position":"center center","background-size":"auto","background-attachment":"scroll","background-type":"","background-media":"","overlay-type":"","overlay-color":"","overlay-opacity":"","overlay-gradient":""},"tablet":{"background-color":"var(--ast-global-color-4)","background-image":"","background-repeat":"repeat","background-position":"center center","background-size":"auto","background-attachment":"scroll","background-type":"","background-media":"","overlay-type":"","overlay-color":"","overlay-opacity":"","overlay-gradient":""},"mobile":{"background-color":"var(--ast-global-color-4)","background-image":"","background-repeat":"repeat","background-position":"center center","background-size":"auto","background-attachment":"scroll","background-type":"","background-media":"","overlay-type":"","overlay-color":"","overlay-opacity":"","overlay-gradient":""}},"footnotes":""},"class_list":["post-1358","page","type-page","status-publish","hentry"],"jetpack_shortlink":"https:\/\/wp.me\/P4WQ0D-lU","jetpack_sharing_enabled":true,"_links":{"self":[{"href":"https:\/\/mtbglucholazy.pl\/index.php?rest_route=\/wp\/v2\/pages\/1358","targetHints":{"allow":["GET"]}}],"collection":[{"href":"https:\/\/mtbglucholazy.pl\/index.php?rest_route=\/wp\/v2\/pages"}],"about":[{"href":"https:\/\/mtbglucholazy.pl\/index.php?rest_route=\/wp\/v2\/types\/page"}],"author":[{"embeddable":true,"href":"https:\/\/mtbglucholazy.pl\/index.php?rest_route=\/wp\/v2\/users\/1"}],"replies":[{"embeddable":true,"href":"https:\/\/mtbglucholazy.pl\/index.php?rest_route=%2Fwp%2Fv2%2Fcomments&post=1358"}],"version-history":[{"count":18,"href":"https:\/\/mtbglucholazy.pl\/index.php?rest_route=\/wp\/v2\/pages\/1358\/revisions"}],"predecessor-version":[{"id":2245,"href":"https:\/\/mtbglucholazy.pl\/index.php?rest_route=\/wp\/v2\/pages\/1358\/revisions\/2245"}],"wp:attachment":[{"href":"https:\/\/mtbglucholazy.pl\/index.php?rest_route=%2Fwp%2Fv2%2Fmedia&parent=1358"}],"curies":[{"name":"wp","href":"https:\/\/api.w.org\/{rel}","templated":true}]}}