{"id":1354,"date":"2019-03-31T06:10:49","date_gmt":"2019-03-31T04:10:49","guid":{"rendered":"http:\/\/mtbglucholazy.pl\/?page_id=1354"},"modified":"2025-05-28T11:17:23","modified_gmt":"2025-05-28T09:17:23","slug":"kategorie-wiekowe","status":"publish","type":"page","link":"https:\/\/mtbglucholazy.pl\/?page_id=1354","title":{"rendered":"Kategorie wiekowe"},"content":{"rendered":"<div style='float:left;margin-right:7px;' class='like-fb'><\/div><p>Zabawa rowerowa \u2013 dystans 200 m \u2013 dzieci w wieku do 5 lat.<\/p>\n<p>Zabawa rowerowa \u2013 dystans 400 m \u2013 dzieci w wieku do 6-7 lat.<\/p>\n<p>Zabawa rowerowa \u2013 dystans 800 m \u2013 dzieci w wieku 8-10 lat.<\/p>\n<p>Zabawa rowerowa \u2013 dystans 1200 m \u2013 dzieci w wieku 11-13 lat.<\/p>\n<table>\n<tbody>\n<tr>\n<td colspan=\"4\" width=\"612\"><strong>FUN \u2013 18 km\u00a0 sektor startowy V<\/strong><\/td>\n<\/tr>\n<tr>\n<td width=\"111\"><\/td>\n<td width=\"124\"><strong>NAZWA<\/strong><\/td>\n<td width=\"120\"><strong>SKR\u00d3T<\/strong><\/td>\n<td width=\"257\"><strong>\u00a0\u00a0\u00a0\u00a0\u00a0\u00a0\u00a0\u00a0\u00a0 PRZEDZIA\u0141 WIEKOWY<\/strong><\/td>\n<\/tr>\n<tr>\n<td rowspan=\"5\" width=\"111\">KOBIETY<\/td>\n<td width=\"124\">do 12 lat<\/td>\n<td width=\"120\">FW 1<\/td>\n<td width=\"257\"><\/td>\n<\/tr>\n<tr>\n<td width=\"124\">13-14 lat<\/td>\n<td width=\"120\">FW 2<\/td>\n<td width=\"257\"><\/td>\n<\/tr>\n<tr>\n<td width=\"124\">15-16 lat<\/td>\n<td width=\"120\">FW 3<\/td>\n<td width=\"257\"><\/td>\n<\/tr>\n<tr>\n<td width=\"124\">17-18 lat<\/td>\n<td width=\"120\">FW 4<\/td>\n<td width=\"257\"><\/td>\n<\/tr>\n<tr>\n<td width=\"124\">od 19 lat<\/td>\n<td width=\"120\">FW 5<\/td>\n<td width=\"257\"><\/td>\n<\/tr>\n<tr>\n<td colspan=\"4\" width=\"612\"><\/td>\n<\/tr>\n<tr>\n<td rowspan=\"5\" width=\"111\">M\u0118\u017bCZY\u0179NI<\/td>\n<td width=\"124\">do 12 lat<\/td>\n<td width=\"120\">FM 1<\/td>\n<td width=\"257\"><\/td>\n<\/tr>\n<tr>\n<td width=\"124\">13-14 lat<\/td>\n<td width=\"120\">FM 2<\/td>\n<td width=\"257\"><\/td>\n<\/tr>\n<tr>\n<td width=\"124\">15-16 lat<\/td>\n<td width=\"120\">FM 3<\/td>\n<td rowspan=\"2\" width=\"257\"><\/td>\n<\/tr>\n<tr>\n<td width=\"124\">17-18 lat<\/td>\n<td width=\"120\">FM 4<\/td>\n<\/tr>\n<tr>\n<td width=\"124\">od 19 lat<\/td>\n<td width=\"120\">FM 5<\/td>\n<td width=\"257\"><\/td>\n<\/tr>\n<\/tbody>\n<\/table>\n<p><strong>\u00a0<\/strong><\/p>\n<table width=\"607\">\n<tbody>\n<tr>\n<td colspan=\"4\" width=\"607\"><strong>CLASSIC \u2013 <\/strong>24 km sektor startowy III<\/td>\n<\/tr>\n<tr>\n<td width=\"106\"><\/td>\n<td width=\"113\"><strong>NAZWA<\/strong><\/td>\n<td width=\"67\"><strong>SKR\u00d3T<\/strong><\/td>\n<td width=\"320\"><strong>\u00a0\u00a0\u00a0\u00a0\u00a0\u00a0\u00a0\u00a0\u00a0 PRZEDZIA\u0141 WIEKOWY<\/strong><\/td>\n<\/tr>\n<tr>\n<td rowspan=\"3\" width=\"106\">KOBIETY<\/td>\n<td width=\"113\">Dzieci<\/td>\n<td width=\"67\">CDW<\/td>\n<td width=\"320\">\u00a0\u00a0\u00a0\u00a0\u00a0\u00a0 Do 14 lat<\/td>\n<\/tr>\n<tr>\n<td width=\"113\">Juniorki m\u0142.\/ Juniorki<\/td>\n<td width=\"67\">CJW<\/td>\n<td width=\"320\">\u00a0\u00a0\u00a0\u00a0\u00a0\u00a0 15-18 lat<\/td>\n<\/tr>\n<tr>\n<td width=\"113\">Elita\/Masters<\/td>\n<td width=\"67\">CEW<\/td>\n<td width=\"320\">\u00a0\u00a0\u00a0\u00a0\u00a0\u00a0 19 lat i starsze<\/td>\n<\/tr>\n<tr>\n<td colspan=\"4\" width=\"607\"><\/td>\n<\/tr>\n<tr>\n<td rowspan=\"6\" width=\"106\">M\u0118\u017bCZY\u0179NI<\/td>\n<td width=\"113\">Dzieci<\/td>\n<td width=\"67\">CDM<\/td>\n<td width=\"320\">\u00a0\u00a0\u00a0\u00a0\u00a0\u00a0 Do 14 lat<\/td>\n<\/tr>\n<tr>\n<td width=\"113\">Junior M\u0142.\/ Junior<\/td>\n<td width=\"67\">CJM<\/td>\n<td width=\"320\">\u00a0\u00a0\u00a0\u00a0\u00a0\u00a0 15-18 lat<\/td>\n<\/tr>\n<tr>\n<td width=\"113\">Elita<\/td>\n<td width=\"67\">CEM<\/td>\n<td width=\"320\">\u00a0\u00a0\u00a0\u00a0\u00a0\u00a0 19-29 lat<\/td>\n<\/tr>\n<tr>\n<td width=\"113\">Masters<\/td>\n<td width=\"67\">CMM 1<\/td>\n<td width=\"320\">\u00a0\u00a0\u00a0\u00a0\u00a0 \u00a030-39 lat<\/td>\n<\/tr>\n<tr>\n<td width=\"113\">Masters II<\/td>\n<td width=\"67\">CMM 2<\/td>\n<td width=\"320\">\u00a0\u00a0\u00a0\u00a0\u00a0\u00a0 40-49 lat<\/td>\n<\/tr>\n<tr>\n<td width=\"113\">Masters III<\/td>\n<td width=\"67\">CMM 3<\/td>\n<td width=\"320\">\u00a0\u00a0\u00a0\u00a0\u00a0\u00a0 50- lat i starsi<\/td>\n<\/tr>\n<\/tbody>\n<\/table>\n<table width=\"609\">\n<tbody>\n<tr>\n<td colspan=\"4\" width=\"609\"><strong>MEGA &#8211;\u00a0 <\/strong>47 km sektor startowy II<\/td>\n<\/tr>\n<tr>\n<td width=\"99\"><\/td>\n<td width=\"119\"><strong>NAZWA<\/strong><\/td>\n<td width=\"66\"><strong>SKR\u00d3T<\/strong><\/td>\n<td width=\"325\"><strong>PRZEDZIA\u0141 WIEKOWY<\/strong><\/td>\n<\/tr>\n<tr>\n<td rowspan=\"3\" width=\"99\">KOBIETY<\/td>\n<td width=\"119\">Juniorka<\/td>\n<td width=\"66\">MJW<\/td>\n<td width=\"325\">\u00a0\u00a0\u00a0\u00a0\u00a0 do 18 lat<\/td>\n<\/tr>\n<tr>\n<td width=\"119\">Elita\/Cyklosport<\/td>\n<td width=\"66\">MEW<\/td>\n<td width=\"325\">\u00a0\u00a0\u00a0\u00a0\u00a0 19-29 lat<\/td>\n<\/tr>\n<tr>\n<td width=\"119\">Masters<\/td>\n<td width=\"66\">MMW<\/td>\n<td width=\"325\">\u00a0\u00a0\u00a0\u00a0\u00a0 \u00a030 lat i starsze<\/td>\n<\/tr>\n<tr>\n<td colspan=\"4\" width=\"609\"><\/td>\n<\/tr>\n<tr>\n<td rowspan=\"5\" width=\"99\">M\u0118\u017bCZY\u0179NI<\/td>\n<td width=\"119\">Junior<\/td>\n<td width=\"66\">MJM<\/td>\n<td width=\"325\">\u00a0\u00a0\u00a0\u00a0\u00a0 do 18 lat<\/td>\n<\/tr>\n<tr>\n<td width=\"119\">Elita\/Cyklosport<\/td>\n<td width=\"66\">MEM<\/td>\n<td width=\"325\">\u00a0\u00a0\u00a0\u00a0\u00a0\u00a0 19-29 lat<\/td>\n<\/tr>\n<tr>\n<td width=\"119\">Masters I<\/td>\n<td width=\"66\">MMM 1<\/td>\n<td width=\"325\">\u00a0\u00a0\u00a0\u00a0\u00a0 \u00a030-39 lat<\/td>\n<\/tr>\n<tr>\n<td width=\"119\">Masters II<\/td>\n<td width=\"66\">MMM 2<\/td>\n<td width=\"325\">\u00a0\u00a0\u00a0\u00a0\u00a0\u00a0 40-49 lat<\/td>\n<\/tr>\n<tr>\n<td width=\"119\">Masters III<\/td>\n<td width=\"66\">MMM 3<\/td>\n<td width=\"325\">\u00a0\u00a0\u00a0\u00a0\u00a0\u00a050 lat i starsi<\/td>\n<\/tr>\n<\/tbody>\n<\/table>\n<table width=\"604\">\n<tbody>\n<tr>\n<td colspan=\"4\" width=\"604\"><strong>GIGA\u00a0<\/strong>&#8211; 70 km sektor startowy I<\/td>\n<\/tr>\n<tr>\n<td colspan=\"4\" width=\"604\"><strong>\u00a0<\/strong><\/td>\n<\/tr>\n<tr>\n<td width=\"98\"><\/td>\n<td width=\"120\"><strong>NAZWA<\/strong><\/td>\n<td width=\"62\"><strong>SKR\u00d3T<\/strong><\/td>\n<td width=\"324\"><strong>PRZEDZIA\u0141 WIEKOWY<\/strong><\/td>\n<\/tr>\n<tr>\n<td rowspan=\"2\" width=\"98\">KOBIETY<\/td>\n<td width=\"120\">Juniorka<\/td>\n<td width=\"62\">WE<\/td>\n<td width=\"324\">\u00a0 \u00a0 \u00a0 do18 lat<\/td>\n<\/tr>\n<tr>\n<td width=\"120\">Elita\/Masters<\/td>\n<td width=\"62\">CMW<\/td>\n<td width=\"324\">\u00a0\u00a0\u00a0 \u00a019 lat i starsze<\/td>\n<\/tr>\n<tr>\n<td width=\"98\"><\/td>\n<td width=\"120\"><\/td>\n<td width=\"62\"><\/td>\n<td width=\"324\"><\/td>\n<\/tr>\n<tr>\n<td width=\"98\"><\/td>\n<td width=\"120\"><\/td>\n<td width=\"62\"><\/td>\n<td width=\"324\"><\/td>\n<\/tr>\n<tr>\n<td rowspan=\"5\" width=\"98\">ME\u017bCZY\u0179NI<\/td>\n<td width=\"120\">Junior<\/td>\n<td width=\"62\">EM<\/td>\n<td width=\"324\">\u00a0 \u00a0 do 18 lat<\/td>\n<\/tr>\n<tr>\n<td width=\"120\">Elita<\/td>\n<td width=\"62\">CM<\/td>\n<td width=\"324\">\u00a0\u00a0\u00a0 19-29 lat<\/td>\n<\/tr>\n<tr>\n<td width=\"120\">Masters<\/td>\n<td width=\"62\">MM 1<\/td>\n<td width=\"324\">\u00a0\u00a0\u00a0 30-39 lat<\/td>\n<\/tr>\n<tr>\n<td width=\"120\">Masters II<\/td>\n<td width=\"62\">MM 2<\/td>\n<td width=\"324\">\u00a0\u00a0\u00a0 40-49 lat<\/td>\n<\/tr>\n<tr>\n<td width=\"120\">Masters III<\/td>\n<td width=\"62\">MM 3<\/td>\n<td width=\"324\">\u00a0\u00a0\u00a0 50 lat i starsi<\/td>\n<\/tr>\n<\/tbody>\n<\/table>\n<p><strong>Dodatkowo prowadzona b\u0119dzie Klasyfikacja OPEN i dekoracja uwzgl\u0119dniaj\u0105ca wyniki na trasie GIGA<\/strong><strong> i <\/strong><strong>Mega, Classic kobiety i m\u0119\u017cczy\u017ani. Czas liczony brutto<\/strong><\/p>\n","protected":false},"excerpt":{"rendered":"<p>Zabawa rowerowa \u2013 dystans 200 m \u2013 dzieci w wieku do 5 lat. Zabawa rowerowa \u2013 dystans 400 m \u2013 [&hellip;]<\/p>\n","protected":false},"author":1,"featured_media":0,"parent":0,"menu_order":0,"comment_status":"closed","ping_status":"closed","template":"","meta":{"site-sidebar-layout":"default","site-content-layout":"","ast-site-content-layout":"default","site-content-style":"default","site-sidebar-style":"default","ast-global-header-display":"","ast-banner-title-visibility":"","ast-main-header-display":"","ast-hfb-above-header-display":"","ast-hfb-below-header-display":"","ast-hfb-mobile-header-display":"","site-post-title":"","ast-breadcrumbs-content":"","ast-featured-img":"","footer-sml-layout":"","theme-transparent-header-meta":"","adv-header-id-meta":"","stick-header-meta":"","header-above-stick-meta":"","header-main-stick-meta":"","header-below-stick-meta":"","astra-migrate-meta-layouts":"default","ast-page-background-enabled":"default","ast-page-background-meta":{"desktop":{"background-color":"var(--ast-global-color-5)","background-image":"","background-repeat":"repeat","background-position":"center center","background-size":"auto","background-attachment":"scroll","background-type":"","background-media":"","overlay-type":"","overlay-color":"","overlay-opacity":"","overlay-gradient":""},"tablet":{"background-color":"","background-image":"","background-repeat":"repeat","background-position":"center center","background-size":"auto","background-attachment":"scroll","background-type":"","background-media":"","overlay-type":"","overlay-color":"","overlay-opacity":"","overlay-gradient":""},"mobile":{"background-color":"","background-image":"","background-repeat":"repeat","background-position":"center center","background-size":"auto","background-attachment":"scroll","background-type":"","background-media":"","overlay-type":"","overlay-color":"","overlay-opacity":"","overlay-gradient":""}},"ast-content-background-meta":{"desktop":{"background-color":"var(--ast-global-color-4)","background-image":"","background-repeat":"repeat","background-position":"center center","background-size":"auto","background-attachment":"scroll","background-type":"","background-media":"","overlay-type":"","overlay-color":"","overlay-opacity":"","overlay-gradient":""},"tablet":{"background-color":"var(--ast-global-color-4)","background-image":"","background-repeat":"repeat","background-position":"center center","background-size":"auto","background-attachment":"scroll","background-type":"","background-media":"","overlay-type":"","overlay-color":"","overlay-opacity":"","overlay-gradient":""},"mobile":{"background-color":"var(--ast-global-color-4)","background-image":"","background-repeat":"repeat","background-position":"center center","background-size":"auto","background-attachment":"scroll","background-type":"","background-media":"","overlay-type":"","overlay-color":"","overlay-opacity":"","overlay-gradient":""}},"footnotes":""},"class_list":["post-1354","page","type-page","status-publish","hentry"],"jetpack_shortlink":"https:\/\/wp.me\/P4WQ0D-lQ","jetpack_sharing_enabled":true,"_links":{"self":[{"href":"https:\/\/mtbglucholazy.pl\/index.php?rest_route=\/wp\/v2\/pages\/1354","targetHints":{"allow":["GET"]}}],"collection":[{"href":"https:\/\/mtbglucholazy.pl\/index.php?rest_route=\/wp\/v2\/pages"}],"about":[{"href":"https:\/\/mtbglucholazy.pl\/index.php?rest_route=\/wp\/v2\/types\/page"}],"author":[{"embeddable":true,"href":"https:\/\/mtbglucholazy.pl\/index.php?rest_route=\/wp\/v2\/users\/1"}],"replies":[{"embeddable":true,"href":"https:\/\/mtbglucholazy.pl\/index.php?rest_route=%2Fwp%2Fv2%2Fcomments&post=1354"}],"version-history":[{"count":12,"href":"https:\/\/mtbglucholazy.pl\/index.php?rest_route=\/wp\/v2\/pages\/1354\/revisions"}],"predecessor-version":[{"id":2255,"href":"https:\/\/mtbglucholazy.pl\/index.php?rest_route=\/wp\/v2\/pages\/1354\/revisions\/2255"}],"wp:attachment":[{"href":"https:\/\/mtbglucholazy.pl\/index.php?rest_route=%2Fwp%2Fv2%2Fmedia&parent=1354"}],"curies":[{"name":"wp","href":"https:\/\/api.w.org\/{rel}","templated":true}]}}