{"id":1352,"date":"2019-03-31T06:10:20","date_gmt":"2019-03-31T04:10:20","guid":{"rendered":"http:\/\/mtbglucholazy.pl\/?page_id=1352"},"modified":"2025-05-28T10:55:56","modified_gmt":"2025-05-28T08:55:56","slug":"oplaty-startowe","status":"publish","type":"page","link":"https:\/\/mtbglucholazy.pl\/?page_id=1352","title":{"rendered":"Op\u0142aty startowe"},"content":{"rendered":"<div style='float:left;margin-right:7px;' class='like-fb'><\/div>\n<p><strong>6. Op\u0142aty startowe<\/strong><\/p>\n\n\n\n<figure class=\"wp-block-table\"><table class=\"has-fixed-layout\"><tbody><tr><td><strong>Termin p\u0142atno\u015bci<\/strong><\/td><td colspan=\"2\"><strong>Dystans:<\/strong> <strong>CLASSIC, MEGA, GIGA<\/strong><strong><\/strong><\/td><td colspan=\"2\"><strong>Dystans FAN<\/strong><\/td><\/tr><tr><td><strong>&nbsp;<\/strong><\/td><td><strong>17 lat i starsi<\/strong><strong><\/strong><\/td><td><strong>&nbsp;m\u0142odzie\u017c 16 lat i mniej <\/strong><strong><\/strong><\/td><td><strong>13 lat i starsi<\/strong><strong><\/strong><\/td><td><strong>m\u0142odzie\u017c 12 lat i mniej<\/strong><strong><\/strong><\/td><\/tr><tr><td>do 12.07.2025 23:59<\/td><td>80 PLN<\/td><td>50 PLN<\/td><td>50 PLN<\/td><td>25 PLN<\/td><\/tr><tr><td>Do 09.08.2025 23:59<\/td><td>100 PLN<\/td><td>60 PLN<\/td><td>60 PLN<\/td><td>30 PLN<\/td><\/tr><tr><td>do 28.08.2025&nbsp; 23:59<\/td><td>120 PLN<\/td><td>70 PLN<\/td><td>70 PLN<\/td><td>35 PLN<\/td><\/tr><tr><td>w biurze zawod\u00f3w do 31.08.2025&nbsp;&nbsp;&nbsp; 11:00<\/td><td>150 PLN<\/td><td>100 PLN<\/td><td>100 PLN<\/td><td>50 PLN<\/td><\/tr><\/tbody><\/table><\/figure>\n\n\n\n<p>Za terminowe wniesienie op\u0142aty&nbsp; Organizator uzna : dokonanie w terminie wp\u0142aty przez system zapis\u00f3w <a href=\"https:\/\/wynikizawodow.eu\/zgloszenia\">https:\/\/wynikizawodow.eu\/zgloszenia<\/a> <\/p>\n\n\n\n<p><strong>W cenie zawarta jest op\u0142ata&nbsp; za numer startowy, zawieraj\u0105cy chip elektroniczny.<\/strong><\/p>\n\n\n\n<p><strong>Numery do zwrotu.<\/strong><\/p>\n\n\n\n<p><strong>Za zwr\u00f3cony numer zawodnik otrzyma bon na ciep\u0142y posi\u0142ek.<\/strong><\/p>\n\n\n\n<p><strong>Za niezwr\u00f3cony lub zniszczony numer op\u0142ata 50 z\u0142.<\/strong><\/p>\n\n\n\n<p><strong>Zabawa rowerowa&nbsp; 200m, 400m, 800 m i 1200m &nbsp;\u2013 <\/strong><strong>udzia\u0142 bezp\u0142atny.<\/strong><\/p>\n\n\n\n<p>Op\u0142aty b\u0119d\u0105 przyjmowane on-line przez system zg\u0142osze\u0144: <a href=\"https:\/\/wynikizawodow.eu\/zgloszenia\">https:\/\/wynikizawodow.eu\/zgloszenia<\/a><\/p>\n\n\n\n<p>System zg\u0142osze\u0144 umo\u017cliwia op\u0142aty zbiorcze<\/p>\n\n\n\n<p>Lub<\/p>\n\n\n\n<p><\/p>\n\n\n\n<p>wp\u0142aty w got\u00f3wce w Biurze Zawod\u00f3w ( op\u0142ata podwy\u017cszona)<\/p>\n\n\n\n<p><strong>Faktura do op\u0142at dokonywanych przelewem wystawiamy w&nbsp;terminie 14 dni&nbsp;od daty wp\u0142yni\u0119cia \u015brodk\u00f3w na rachunek bankowy organizatora i przes\u0142aniu danych odbiorcy na adres<\/strong><strong> <\/strong>e-mail:&nbsp;tomred2@wp.pl<strong>&nbsp; .<\/strong><\/p>\n\n\n\n<p><strong>Rachunek do op\u0142at got\u00f3wkowych wystawiamy w dniu imprezy w biurze zawod\u00f3w po godz. 15.00<\/strong><\/p>\n\n\n\n<p><strong>( NA WYRA\u0179N\u0104 PRO\u015aB\u0118 ZAINTERESOWANEGO).<\/strong><\/p>\n","protected":false},"excerpt":{"rendered":"<p>6. Op\u0142aty startowe Termin p\u0142atno\u015bci Dystans: CLASSIC, MEGA, GIGA Dystans FAN &nbsp; 17 lat i starsi &nbsp;m\u0142odzie\u017c 16 lat i [&hellip;]<\/p>\n","protected":false},"author":1,"featured_media":0,"parent":0,"menu_order":0,"comment_status":"closed","ping_status":"closed","template":"","meta":{"site-sidebar-layout":"default","site-content-layout":"","ast-site-content-layout":"default","site-content-style":"default","site-sidebar-style":"default","ast-global-header-display":"","ast-banner-title-visibility":"","ast-main-header-display":"","ast-hfb-above-header-display":"","ast-hfb-below-header-display":"","ast-hfb-mobile-header-display":"","site-post-title":"","ast-breadcrumbs-content":"","ast-featured-img":"","footer-sml-layout":"","theme-transparent-header-meta":"","adv-header-id-meta":"","stick-header-meta":"","header-above-stick-meta":"","header-main-stick-meta":"","header-below-stick-meta":"","astra-migrate-meta-layouts":"default","ast-page-background-enabled":"default","ast-page-background-meta":{"desktop":{"background-color":"var(--ast-global-color-5)","background-image":"","background-repeat":"repeat","background-position":"center center","background-size":"auto","background-attachment":"scroll","background-type":"","background-media":"","overlay-type":"","overlay-color":"","overlay-opacity":"","overlay-gradient":""},"tablet":{"background-color":"","background-image":"","background-repeat":"repeat","background-position":"center center","background-size":"auto","background-attachment":"scroll","background-type":"","background-media":"","overlay-type":"","overlay-color":"","overlay-opacity":"","overlay-gradient":""},"mobile":{"background-color":"","background-image":"","background-repeat":"repeat","background-position":"center center","background-size":"auto","background-attachment":"scroll","background-type":"","background-media":"","overlay-type":"","overlay-color":"","overlay-opacity":"","overlay-gradient":""}},"ast-content-background-meta":{"desktop":{"background-color":"var(--ast-global-color-4)","background-image":"","background-repeat":"repeat","background-position":"center center","background-size":"auto","background-attachment":"scroll","background-type":"","background-media":"","overlay-type":"","overlay-color":"","overlay-opacity":"","overlay-gradient":""},"tablet":{"background-color":"var(--ast-global-color-4)","background-image":"","background-repeat":"repeat","background-position":"center center","background-size":"auto","background-attachment":"scroll","background-type":"","background-media":"","overlay-type":"","overlay-color":"","overlay-opacity":"","overlay-gradient":""},"mobile":{"background-color":"var(--ast-global-color-4)","background-image":"","background-repeat":"repeat","background-position":"center center","background-size":"auto","background-attachment":"scroll","background-type":"","background-media":"","overlay-type":"","overlay-color":"","overlay-opacity":"","overlay-gradient":""}},"footnotes":""},"class_list":["post-1352","page","type-page","status-publish","hentry"],"jetpack_shortlink":"https:\/\/wp.me\/P4WQ0D-lO","jetpack_sharing_enabled":true,"_links":{"self":[{"href":"https:\/\/mtbglucholazy.pl\/index.php?rest_route=\/wp\/v2\/pages\/1352","targetHints":{"allow":["GET"]}}],"collection":[{"href":"https:\/\/mtbglucholazy.pl\/index.php?rest_route=\/wp\/v2\/pages"}],"about":[{"href":"https:\/\/mtbglucholazy.pl\/index.php?rest_route=\/wp\/v2\/types\/page"}],"author":[{"embeddable":true,"href":"https:\/\/mtbglucholazy.pl\/index.php?rest_route=\/wp\/v2\/users\/1"}],"replies":[{"embeddable":true,"href":"https:\/\/mtbglucholazy.pl\/index.php?rest_route=%2Fwp%2Fv2%2Fcomments&post=1352"}],"version-history":[{"count":14,"href":"https:\/\/mtbglucholazy.pl\/index.php?rest_route=\/wp\/v2\/pages\/1352\/revisions"}],"predecessor-version":[{"id":2250,"href":"https:\/\/mtbglucholazy.pl\/index.php?rest_route=\/wp\/v2\/pages\/1352\/revisions\/2250"}],"wp:attachment":[{"href":"https:\/\/mtbglucholazy.pl\/index.php?rest_route=%2Fwp%2Fv2%2Fmedia&parent=1352"}],"curies":[{"name":"wp","href":"https:\/\/api.w.org\/{rel}","templated":true}]}}