{"id":1350,"date":"2019-03-31T06:10:00","date_gmt":"2019-03-31T04:10:00","guid":{"rendered":"http:\/\/mtbglucholazy.pl\/?page_id=1350"},"modified":"2025-05-28T11:30:04","modified_gmt":"2025-05-28T09:30:04","slug":"swiadczenia-i-nagrody-maraton","status":"publish","type":"page","link":"https:\/\/mtbglucholazy.pl\/?page_id=1350","title":{"rendered":"\u015awiadczenia i nagrody &#8211; Maraton"},"content":{"rendered":"<div style='float:left;margin-right:7px;' class='like-fb'><\/div><p><strong>\u015awiadczenia dla zawodnik\u00f3w<\/strong><br \/>\nW ramach op\u0142aty startowej zawodnik otrzymuje:<br \/>\n\u2013 oznakowan\u0105 i zabezpieczon\u0105 tras\u0119<br \/>\n\u2013 system elektronicznego pomiaru czasu z wykorzystaniem chip\u00f3w<br \/>\n\u2013 zabezpieczenie medyczne<br \/>\n\u2013 prawo do korzystania z dw\u00f3ch\u00a0 bufet\u00f3w na trasie rozmieszczonych na trasie oraz bufetu na mecie (napoje, woda, owoce, ciasta, itp.)<br \/>\n\u2013 posi\u0142ek regeneracyjny po maratonie,<br \/>\n\u2013 mo\u017cliwo\u015b\u0107 umycia roweru po zako\u0144czeniu zawod\u00f3w<br \/>\n\u2013 bezp\u0142atny podstawowy serwis techniczny przed startem Maratonu<br \/>\n\u2013 nagrody dla zwyci\u0119zc\u00f3w opisane w punkcie 15.<br \/>\n\u2013 losowanie nagr\u00f3d (tombola) dost\u0119pne dla wszystkich startuj\u0105cych<\/p>\n<p><strong>Nagrody w klasyfikacji open z podzia\u0142em na p\u0142e\u0107 \/na dystansie \/ w wysoko\u015bci ( PLN):<\/strong><\/p>\n<table>\n<tbody>\n<tr>\n<td rowspan=\"3\" width=\"69\">Zaj\u0119te miejsce<\/td>\n<td colspan=\"6\" width=\"534\"><\/td>\n<td width=\"0\"><\/td>\n<\/tr>\n<tr>\n<td colspan=\"2\" width=\"175\"><strong>Giga &#8211;<\/strong> <strong>O<\/strong>pen<\/td>\n<td colspan=\"2\" width=\"169\"><strong>Mega \u00a0&#8211; Open<\/strong><\/td>\n<td colspan=\"2\" width=\"190\"><strong>Clasic &#8211; 0pen<\/strong><\/td>\n<td width=\"0\"><\/td>\n<\/tr>\n<tr>\n<td width=\"90\">M\u0119\u017cczy\u017ani<\/td>\n<td width=\"85\">Kobiety<\/td>\n<td width=\"85\">M\u0119\u017cczy\u017ani<\/td>\n<td width=\"84\">Kobiety<\/td>\n<td width=\"86\">M\u0119\u017cczy\u017ani<\/td>\n<td width=\"104\">Kobiety<\/td>\n<td width=\"0\"><\/td>\n<\/tr>\n<tr>\n<td width=\"69\">1<\/td>\n<td width=\"90\">800<\/td>\n<td width=\"85\">800<\/td>\n<td width=\"85\">400<\/td>\n<td width=\"84\">400<\/td>\n<td width=\"86\">200<\/td>\n<td width=\"104\">200<\/td>\n<td width=\"0\"><\/td>\n<\/tr>\n<tr>\n<td width=\"69\">2<\/td>\n<td width=\"90\">600<\/td>\n<td width=\"85\">600<\/td>\n<td width=\"85\">300<\/td>\n<td width=\"84\">300<\/td>\n<td width=\"86\">150<\/td>\n<td width=\"104\">150<\/td>\n<td width=\"0\"><\/td>\n<\/tr>\n<tr>\n<td width=\"69\">3<\/td>\n<td width=\"90\">400<\/td>\n<td width=\"85\">400<\/td>\n<td width=\"85\">200<\/td>\n<td width=\"84\">200<\/td>\n<td width=\"86\">100<\/td>\n<td width=\"104\">100<\/td>\n<td width=\"0\"><\/td>\n<\/tr>\n<tr>\n<td width=\"69\">4<\/td>\n<td width=\"90\">300<\/td>\n<td width=\"85\">300<\/td>\n<td width=\"85\">150<\/td>\n<td width=\"84\">150<\/td>\n<td width=\"86\"><\/td>\n<td width=\"104\"><\/td>\n<td width=\"0\"><\/td>\n<\/tr>\n<tr>\n<td width=\"69\">5<\/td>\n<td width=\"90\">200<\/td>\n<td width=\"85\">200<\/td>\n<td width=\"85\">100<\/td>\n<td width=\"84\">100<\/td>\n<td width=\"86\"><\/td>\n<td width=\"104\"><\/td>\n<td width=\"0\"><\/td>\n<\/tr>\n<tr>\n<td width=\"69\">6<\/td>\n<td width=\"90\">100<\/td>\n<td width=\"85\">100<\/td>\n<td width=\"85\"><\/td>\n<td width=\"84\"><\/td>\n<td width=\"86\"><\/td>\n<td width=\"104\"><\/td>\n<td width=\"0\"><\/td>\n<\/tr>\n<\/tbody>\n<\/table>\n<p>We wszystkich kategoriach wiekowych na wszystkich dystansach 3 najlepszych zawodnik\u00f3w otrzymuje trofea sportowe i nagrody przekazane przez Sponsor\u00f3w.<br \/>\n<strong>Po zako\u0144czeniu maratonu podczas ceremonii dekoracji w\u015br\u00f3d wszystkich uczestnik\u00f3w, zostanie przeprowadzana Tombola, podczas kt\u00f3rej rozlosowane zostan\u0105 nagrody dodatkowe. <\/strong><br \/>\nNagrody i trofea nieodebrane w dniu dekoracji przepadaj\u0105 i nie b\u0119dzie mo\u017cliwo\u015bci ich p\u00f3\u017aniejszego odbioru.<\/p>\n","protected":false},"excerpt":{"rendered":"<p>\u015awiadczenia dla zawodnik\u00f3w W ramach op\u0142aty startowej zawodnik otrzymuje: \u2013 oznakowan\u0105 i zabezpieczon\u0105 tras\u0119 \u2013 system elektronicznego pomiaru czasu z [&hellip;]<\/p>\n","protected":false},"author":1,"featured_media":0,"parent":0,"menu_order":0,"comment_status":"closed","ping_status":"closed","template":"","meta":{"site-sidebar-layout":"default","site-content-layout":"","ast-site-content-layout":"default","site-content-style":"default","site-sidebar-style":"default","ast-global-header-display":"","ast-banner-title-visibility":"","ast-main-header-display":"","ast-hfb-above-header-display":"","ast-hfb-below-header-display":"","ast-hfb-mobile-header-display":"","site-post-title":"","ast-breadcrumbs-content":"","ast-featured-img":"","footer-sml-layout":"","theme-transparent-header-meta":"","adv-header-id-meta":"","stick-header-meta":"","header-above-stick-meta":"","header-main-stick-meta":"","header-below-stick-meta":"","astra-migrate-meta-layouts":"default","ast-page-background-enabled":"default","ast-page-background-meta":{"desktop":{"background-color":"var(--ast-global-color-5)","background-image":"","background-repeat":"repeat","background-position":"center center","background-size":"auto","background-attachment":"scroll","background-type":"","background-media":"","overlay-type":"","overlay-color":"","overlay-opacity":"","overlay-gradient":""},"tablet":{"background-color":"","background-image":"","background-repeat":"repeat","background-position":"center center","background-size":"auto","background-attachment":"scroll","background-type":"","background-media":"","overlay-type":"","overlay-color":"","overlay-opacity":"","overlay-gradient":""},"mobile":{"background-color":"","background-image":"","background-repeat":"repeat","background-position":"center center","background-size":"auto","background-attachment":"scroll","background-type":"","background-media":"","overlay-type":"","overlay-color":"","overlay-opacity":"","overlay-gradient":""}},"ast-content-background-meta":{"desktop":{"background-color":"var(--ast-global-color-4)","background-image":"","background-repeat":"repeat","background-position":"center center","background-size":"auto","background-attachment":"scroll","background-type":"","background-media":"","overlay-type":"","overlay-color":"","overlay-opacity":"","overlay-gradient":""},"tablet":{"background-color":"var(--ast-global-color-4)","background-image":"","background-repeat":"repeat","background-position":"center center","background-size":"auto","background-attachment":"scroll","background-type":"","background-media":"","overlay-type":"","overlay-color":"","overlay-opacity":"","overlay-gradient":""},"mobile":{"background-color":"var(--ast-global-color-4)","background-image":"","background-repeat":"repeat","background-position":"center center","background-size":"auto","background-attachment":"scroll","background-type":"","background-media":"","overlay-type":"","overlay-color":"","overlay-opacity":"","overlay-gradient":""}},"footnotes":""},"class_list":["post-1350","page","type-page","status-publish","hentry"],"jetpack_shortlink":"https:\/\/wp.me\/P4WQ0D-lM","jetpack_sharing_enabled":true,"_links":{"self":[{"href":"https:\/\/mtbglucholazy.pl\/index.php?rest_route=\/wp\/v2\/pages\/1350","targetHints":{"allow":["GET"]}}],"collection":[{"href":"https:\/\/mtbglucholazy.pl\/index.php?rest_route=\/wp\/v2\/pages"}],"about":[{"href":"https:\/\/mtbglucholazy.pl\/index.php?rest_route=\/wp\/v2\/types\/page"}],"author":[{"embeddable":true,"href":"https:\/\/mtbglucholazy.pl\/index.php?rest_route=\/wp\/v2\/users\/1"}],"replies":[{"embeddable":true,"href":"https:\/\/mtbglucholazy.pl\/index.php?rest_route=%2Fwp%2Fv2%2Fcomments&post=1350"}],"version-history":[{"count":10,"href":"https:\/\/mtbglucholazy.pl\/index.php?rest_route=\/wp\/v2\/pages\/1350\/revisions"}],"predecessor-version":[{"id":2258,"href":"https:\/\/mtbglucholazy.pl\/index.php?rest_route=\/wp\/v2\/pages\/1350\/revisions\/2258"}],"wp:attachment":[{"href":"https:\/\/mtbglucholazy.pl\/index.php?rest_route=%2Fwp%2Fv2%2Fmedia&parent=1350"}],"curies":[{"name":"wp","href":"https:\/\/api.w.org\/{rel}","templated":true}]}}