{"id":1348,"date":"2019-03-31T06:09:36","date_gmt":"2019-03-31T04:09:36","guid":{"rendered":"http:\/\/mtbglucholazy.pl\/?page_id=1348"},"modified":"2025-05-28T11:38:05","modified_gmt":"2025-05-28T09:38:05","slug":"warunki-zgloszenia-i-uczestnictwa-maraton","status":"publish","type":"page","link":"https:\/\/mtbglucholazy.pl\/?page_id=1348","title":{"rendered":"Warunki zg\u0142oszenia i uczestnictwa &#8211; Maraton"},"content":{"rendered":"<div style='float:left;margin-right:7px;' class='like-fb'><\/div><p>Warunkiem udzia\u0142u Uczestnika w\u00a0 Gold Hill MTB Maraton G\u0142ucho\u0142azy 2025 jest:<\/p>\n<p>przes\u0142anie prawid\u0142owo wype\u0142nionego elektronicznego formularza zg\u0142oszeniowego (dost\u0119pnego na stronie internetowej zawod\u00f3w lub wype\u0142nienie karty zg\u0142oszeniowej w Biurze Zawod\u00f3w) oraz dokonanie op\u0142aty rejestracyjnej, co jest jednoznaczne z akceptacj\u0105 niniejszego Regulaminu. Wype\u0142niaj\u0105c kart\u0119 zg\u0142oszeniow\u0105 (w formie elektronicznej lub pisemnej) uczestnik akceptuje poni\u017csz\u0105 klauzul\u0119:<\/p>\n<p>\u201eOrganizator, wszystkie osoby z nim wsp\u00f3\u0142pracuj\u0105ce, a tak\u017ce osoby zwi\u0105zane z przeprowadzeniem i organizacj\u0105 wy\u015bcigu nie ponosz\u0105 odpowiedzialno\u015bci wzgl\u0119dem uczestnik\u00f3w za szkody osobowe, rzeczowe i maj\u0105tkowe, kt\u00f3re wyst\u0105pi\u0105 przed, w trakcie lub po wy\u015bcigu. Uczestnicy startuj\u0105 na w\u0142asn\u0105 odpowiedzialno\u015b\u0107. Uczestnicy ponosz\u0105 odpowiedzialno\u015b\u0107 cywiln\u0105 i prawn\u0105 za wszystkie szkody. Przez akceptacj\u0119 niniejszej deklaracji uczestnicy zrzekaj\u0105 si\u0119 prawa dochodzenia prawnego lub zwrotnego od organizatora lub jego zleceniobiorc\u00f3w w razie wypadku lub szkody zwi\u0105zanej z zawodami.\u201d<\/p>\n<p>Zdj\u0119cia, nagrania filmowe oraz wywiady z moj\u0105 osob\u0105, a tak\u017ce wyniki z moimi danymi osobowymi mog\u0105 by\u0107 wykorzystane przez pras\u0119, radio i telewizj\u0119. Materia\u0142y w celach marketingowych mog\u0105 by\u0107 nieodp\u0142atnie wykorzystywane przez organizatora i podmioty z nim wsp\u00f3\u0142pracuj\u0105ce. Swoim podpisem zapewniam, \u017ce zapozna\u0142em si\u0119 z wszystkimi warunkami regulaminu zawod\u00f3w \u00a0\u00a0i wype\u0142ni\u0142em formularz zg\u0142oszeniowy zgodnie z prawd\u0105 oraz kompletnie oraz wyra\u017cam zgod\u0119 na przetwarzanie moich danych osobowych do cel\u00f3w przeprowadzenia Gold Hill MTB Maraton G\u0142ucho\u0142azy 2025.\u201d<\/p>\n<p>Potwierdzeniem udzia\u0142u jest rejestracja, udzielenie zgody na przetwarzanie danych osobowych, dokonanie op\u0142aty wpisowego oraz odbi\u00f3r pakietu startowego w biurze zawod\u00f3w.<br \/>\nPrawo do startu w maratonie maj\u0105 osoby, kt\u00f3re uko\u0144czy\u0142y 18 lat, osoby m\u0142odsze z licencj\u0105 PZKol. Pozosta\u0142e osoby za pisemn\u0105 zgod\u0105 rodzic\u00f3w lub opiekun\u00f3w prawnych, 13 lat i mniej pod sta\u0142\u0105 opiek\u0105 rodzic\u00f3w lub opiekun\u00f3w prawnych.<\/p>\n<p>Ka\u017cdy uczestnik startuje na w\u0142asn\u0105 odpowiedzialno\u015b\u0107 (w przypadku zawodnik\u00f3w niepe\u0142noletnich na odpowiedzialno\u015b\u0107 rodzic\u00f3w lub prawnych opiekun\u00f3w).<br \/>\nKa\u017cdy uczestnik Gold Hill MTB Maraton G\u0142ucho\u0142azy 2025 jest zobowi\u0105zany do jazdy w kasku sztywnym.<\/p>\n","protected":false},"excerpt":{"rendered":"<p>Warunkiem udzia\u0142u Uczestnika w\u00a0 Gold Hill MTB Maraton G\u0142ucho\u0142azy 2025 jest: przes\u0142anie prawid\u0142owo wype\u0142nionego elektronicznego formularza zg\u0142oszeniowego (dost\u0119pnego na stronie [&hellip;]<\/p>\n","protected":false},"author":1,"featured_media":0,"parent":0,"menu_order":0,"comment_status":"closed","ping_status":"closed","template":"","meta":{"site-sidebar-layout":"default","site-content-layout":"","ast-site-content-layout":"default","site-content-style":"default","site-sidebar-style":"default","ast-global-header-display":"","ast-banner-title-visibility":"","ast-main-header-display":"","ast-hfb-above-header-display":"","ast-hfb-below-header-display":"","ast-hfb-mobile-header-display":"","site-post-title":"","ast-breadcrumbs-content":"","ast-featured-img":"","footer-sml-layout":"","theme-transparent-header-meta":"","adv-header-id-meta":"","stick-header-meta":"","header-above-stick-meta":"","header-main-stick-meta":"","header-below-stick-meta":"","astra-migrate-meta-layouts":"default","ast-page-background-enabled":"default","ast-page-background-meta":{"desktop":{"background-color":"var(--ast-global-color-5)","background-image":"","background-repeat":"repeat","background-position":"center center","background-size":"auto","background-attachment":"scroll","background-type":"","background-media":"","overlay-type":"","overlay-color":"","overlay-opacity":"","overlay-gradient":""},"tablet":{"background-color":"","background-image":"","background-repeat":"repeat","background-position":"center center","background-size":"auto","background-attachment":"scroll","background-type":"","background-media":"","overlay-type":"","overlay-color":"","overlay-opacity":"","overlay-gradient":""},"mobile":{"background-color":"","background-image":"","background-repeat":"repeat","background-position":"center center","background-size":"auto","background-attachment":"scroll","background-type":"","background-media":"","overlay-type":"","overlay-color":"","overlay-opacity":"","overlay-gradient":""}},"ast-content-background-meta":{"desktop":{"background-color":"var(--ast-global-color-4)","background-image":"","background-repeat":"repeat","background-position":"center center","background-size":"auto","background-attachment":"scroll","background-type":"","background-media":"","overlay-type":"","overlay-color":"","overlay-opacity":"","overlay-gradient":""},"tablet":{"background-color":"var(--ast-global-color-4)","background-image":"","background-repeat":"repeat","background-position":"center center","background-size":"auto","background-attachment":"scroll","background-type":"","background-media":"","overlay-type":"","overlay-color":"","overlay-opacity":"","overlay-gradient":""},"mobile":{"background-color":"var(--ast-global-color-4)","background-image":"","background-repeat":"repeat","background-position":"center center","background-size":"auto","background-attachment":"scroll","background-type":"","background-media":"","overlay-type":"","overlay-color":"","overlay-opacity":"","overlay-gradient":""}},"footnotes":""},"class_list":["post-1348","page","type-page","status-publish","hentry"],"jetpack_shortlink":"https:\/\/wp.me\/P4WQ0D-lK","jetpack_sharing_enabled":true,"_links":{"self":[{"href":"https:\/\/mtbglucholazy.pl\/index.php?rest_route=\/wp\/v2\/pages\/1348","targetHints":{"allow":["GET"]}}],"collection":[{"href":"https:\/\/mtbglucholazy.pl\/index.php?rest_route=\/wp\/v2\/pages"}],"about":[{"href":"https:\/\/mtbglucholazy.pl\/index.php?rest_route=\/wp\/v2\/types\/page"}],"author":[{"embeddable":true,"href":"https:\/\/mtbglucholazy.pl\/index.php?rest_route=\/wp\/v2\/users\/1"}],"replies":[{"embeddable":true,"href":"https:\/\/mtbglucholazy.pl\/index.php?rest_route=%2Fwp%2Fv2%2Fcomments&post=1348"}],"version-history":[{"count":5,"href":"https:\/\/mtbglucholazy.pl\/index.php?rest_route=\/wp\/v2\/pages\/1348\/revisions"}],"predecessor-version":[{"id":2262,"href":"https:\/\/mtbglucholazy.pl\/index.php?rest_route=\/wp\/v2\/pages\/1348\/revisions\/2262"}],"wp:attachment":[{"href":"https:\/\/mtbglucholazy.pl\/index.php?rest_route=%2Fwp%2Fv2%2Fmedia&parent=1348"}],"curies":[{"name":"wp","href":"https:\/\/api.w.org\/{rel}","templated":true}]}}