{"id":1340,"date":"2019-03-31T06:06:00","date_gmt":"2019-03-31T04:06:00","guid":{"rendered":"http:\/\/mtbglucholazy.pl\/?page_id=1340"},"modified":"2025-07-08T12:37:01","modified_gmt":"2025-07-08T10:37:01","slug":"rejestracja-maraton","status":"publish","type":"page","link":"https:\/\/mtbglucholazy.pl\/?page_id=1340","title":{"rendered":"Zapisy do Gold Hill MTB Maraton G\u0142ucho\u0142azy 2025"},"content":{"rendered":"<div style='float:left;margin-right:7px;' class='like-fb'><\/div>\n<div class=\"wp-block-buttons is-horizontal is-content-justification-center is-layout-flex wp-container-core-buttons-is-layout-03627597 wp-block-buttons-is-layout-flex\">\n<div class=\"wp-block-button\"><a class=\"wp-block-button__link has-vivid-red-background-color has-background wp-element-button\" href=\"https:\/\/www.wynikizawodow.eu\/zawody\/257\">Rejestracja na maraton<br>(Kliknij, aby przej\u015b\u0107 do zapis\u00f3w)<\/a><\/div>\n<\/div>\n\n\n\n<p>Ka\u017cdy uczestnik startuje na w\u0142asn\u0105 odpowiedzialno\u015b\u0107 (w przypadku zawodnik\u00f3w niepe\u0142noletnich na odpowiedzialno\u015b\u0107 rodzic\u00f3w lub prawnych opiekun\u00f3w).<br>Ka\u017cdy uczestnik&nbsp;jest zobowi\u0105zany do jazdy w kasku sztywnym<\/p>\n\n\n\n<p>Udzia\u0142 zawodnika w imprezie jest r\u00f3wnoznaczny z konieczno\u015bci\u0105 uiszczenia op\u0142aty startowej Potwierdzeniem udzia\u0142u jest :<\/p>\n\n\n\n<p>Rejestracja on-line przez system zg\u0142osze\u0144: <a href=\"https:\/\/www.wynikizawodow.eu\/zawody\/257\">https:\/\/www.wynikizawodow.eu\/zawody\/257<\/a><\/p>\n\n\n\n<p>Termin rejestracji on-line do 28.08.2025 23:59.\u00a0<\/p>\n\n\n\n<p>Rejestracja w biurze zawod\u00f3w w terminie do 31.08.2025 11:00.<\/p>\n\n\n\n<p>Dokonanie op\u0142aty wpisowego\u00a0 przez system zapis\u00f3w <a href=\"https:\/\/www.wynikizawodow.eu\/zawody\/257\">https:\/\/www.wynikizawodow.eu\/zawody\/257<\/a>\u00a0 do 28.08.2025 23:59.\u00a0 W wysoko\u015bci uwzgl\u0119dniaj\u0105cej termin wp\u0142aty.<\/p>\n\n\n\n<p>Dokonanie\u00a0 op\u0142aty w\u00a0 biurze zawod\u00f3w do dnia 31.08.2025 r. 11:00<\/p>\n\n\n\n<p>oraz odbi\u00f3r numeru startowego w biurze zawod\u00f3w.<\/p>\n","protected":false},"excerpt":{"rendered":"<p>Ka\u017cdy uczestnik startuje na w\u0142asn\u0105 odpowiedzialno\u015b\u0107 (w przypadku zawodnik\u00f3w niepe\u0142noletnich na odpowiedzialno\u015b\u0107 rodzic\u00f3w lub prawnych opiekun\u00f3w).Ka\u017cdy uczestnik&nbsp;jest zobowi\u0105zany do jazdy [&hellip;]<\/p>\n","protected":false},"author":1,"featured_media":0,"parent":0,"menu_order":0,"comment_status":"closed","ping_status":"closed","template":"","meta":{"site-sidebar-layout":"default","site-content-layout":"","ast-site-content-layout":"default","site-content-style":"default","site-sidebar-style":"default","ast-global-header-display":"","ast-banner-title-visibility":"","ast-main-header-display":"","ast-hfb-above-header-display":"","ast-hfb-below-header-display":"","ast-hfb-mobile-header-display":"","site-post-title":"","ast-breadcrumbs-content":"","ast-featured-img":"","footer-sml-layout":"","theme-transparent-header-meta":"","adv-header-id-meta":"","stick-header-meta":"","header-above-stick-meta":"","header-main-stick-meta":"","header-below-stick-meta":"","astra-migrate-meta-layouts":"default","ast-page-background-enabled":"default","ast-page-background-meta":{"desktop":{"background-color":"var(--ast-global-color-5)","background-image":"","background-repeat":"repeat","background-position":"center center","background-size":"auto","background-attachment":"scroll","background-type":"","background-media":"","overlay-type":"","overlay-color":"","overlay-opacity":"","overlay-gradient":""},"tablet":{"background-color":"","background-image":"","background-repeat":"repeat","background-position":"center center","background-size":"auto","background-attachment":"scroll","background-type":"","background-media":"","overlay-type":"","overlay-color":"","overlay-opacity":"","overlay-gradient":""},"mobile":{"background-color":"","background-image":"","background-repeat":"repeat","background-position":"center center","background-size":"auto","background-attachment":"scroll","background-type":"","background-media":"","overlay-type":"","overlay-color":"","overlay-opacity":"","overlay-gradient":""}},"ast-content-background-meta":{"desktop":{"background-color":"var(--ast-global-color-4)","background-image":"","background-repeat":"repeat","background-position":"center center","background-size":"auto","background-attachment":"scroll","background-type":"","background-media":"","overlay-type":"","overlay-color":"","overlay-opacity":"","overlay-gradient":""},"tablet":{"background-color":"var(--ast-global-color-4)","background-image":"","background-repeat":"repeat","background-position":"center center","background-size":"auto","background-attachment":"scroll","background-type":"","background-media":"","overlay-type":"","overlay-color":"","overlay-opacity":"","overlay-gradient":""},"mobile":{"background-color":"var(--ast-global-color-4)","background-image":"","background-repeat":"repeat","background-position":"center center","background-size":"auto","background-attachment":"scroll","background-type":"","background-media":"","overlay-type":"","overlay-color":"","overlay-opacity":"","overlay-gradient":""}},"footnotes":""},"class_list":["post-1340","page","type-page","status-publish","hentry"],"jetpack_shortlink":"https:\/\/wp.me\/P4WQ0D-lC","jetpack_sharing_enabled":true,"_links":{"self":[{"href":"https:\/\/mtbglucholazy.pl\/index.php?rest_route=\/wp\/v2\/pages\/1340","targetHints":{"allow":["GET"]}}],"collection":[{"href":"https:\/\/mtbglucholazy.pl\/index.php?rest_route=\/wp\/v2\/pages"}],"about":[{"href":"https:\/\/mtbglucholazy.pl\/index.php?rest_route=\/wp\/v2\/types\/page"}],"author":[{"embeddable":true,"href":"https:\/\/mtbglucholazy.pl\/index.php?rest_route=\/wp\/v2\/users\/1"}],"replies":[{"embeddable":true,"href":"https:\/\/mtbglucholazy.pl\/index.php?rest_route=%2Fwp%2Fv2%2Fcomments&post=1340"}],"version-history":[{"count":22,"href":"https:\/\/mtbglucholazy.pl\/index.php?rest_route=\/wp\/v2\/pages\/1340\/revisions"}],"predecessor-version":[{"id":2326,"href":"https:\/\/mtbglucholazy.pl\/index.php?rest_route=\/wp\/v2\/pages\/1340\/revisions\/2326"}],"wp:attachment":[{"href":"https:\/\/mtbglucholazy.pl\/index.php?rest_route=%2Fwp%2Fv2%2Fmedia&parent=1340"}],"curies":[{"name":"wp","href":"https:\/\/api.w.org\/{rel}","templated":true}]}}